{"id":19414,"date":"2023-07-28T17:09:32","date_gmt":"2023-07-28T20:09:32","guid":{"rendered":"https:\/\/cintiacarreras.com\/?post_type=product&#038;p=19414"},"modified":"2023-07-28T17:11:05","modified_gmt":"2023-07-28T20:11:05","slug":"depilacion-laser","status":"publish","type":"product","link":"https:\/\/cintiacarreras.com\/index.php\/product\/depilacion-laser\/","title":{"rendered":"DEPILACION LASER"},"content":{"rendered":"<div class=\"group w-full text-gray-800 dark:text-gray-100 border-b border-black\/10 dark:border-gray-900\/50 bg-gray-50 dark:bg-[#444654] sm:AIPRM__conversation__response\">\n<div class=\"flex p-4 gap-4 text-base md:gap-6 md:max-w-2xl lg:max-w-[38rem] xl:max-w-3xl md:py-6 lg:px-0 m-auto relative\">\n<div class=\"relative flex w-[calc(100%-50px)] flex-col gap-1 md:gap-3 lg:w-[calc(100%-115px)]\">\n<div class=\"flex flex-grow flex-col gap-3\">\n<div class=\"min-h-[20px] flex items-start overflow-x-auto whitespace-pre-wrap break-words flex-col gap-4\">\n<div class=\"markdown prose w-full break-words dark:prose-invert light AIPRM__conversation__response\">\n<p>Disfruta de una piel suave y libre de vello con nuestra depi. Nuestra depilaci\u00f3n l\u00e1ser utiliza tecnolog\u00eda de \u00faltima generaci\u00f3n para eliminar el vello no deseado de manera eficaz y duradera. El l\u00e1ser emite pulsos de luz que son absorbidos por la melanina del fol\u00edculo piloso, debilit\u00e1ndolo y retrasando su crecimiento. Personalizamos cada tratamiento seg\u00fan tu tipo de piel y vello, garantizando resultados \u00f3ptimos y una experiencia c\u00f3moda durante todo el proceso. Con cada sesi\u00f3n, notar\u00e1s una reducci\u00f3n significativa del vello, dejando lugar a una piel m\u00e1s suave y sin irritaciones frecuentes asociadas a otros m\u00e9todos de depilaci\u00f3n. Nuestro enfoque profesional y dedicado te brinda la confianza de obtener una depilaci\u00f3n segura y efectiva en cada visita. Descubre los beneficios de la depilaci\u00f3n l\u00e1ser y decile adi\u00f3s al vello no deseado, obteniendo una piel m\u00e1s tersa y lista para lucir en cualquier ocasi\u00f3n.<\/p>\n<\/div>\n<\/div>\n<\/div>\n<\/div>\n<\/div>\n<\/div>\n","protected":false},"excerpt":{"rendered":"<p>Disfruta de una piel suave y libre de vello con nuestra depi. Nuestra depilaci\u00f3n l\u00e1ser utiliza tecnolog\u00eda de \u00faltima generaci\u00f3n para eliminar el vello no deseado de manera eficaz y duradera. El l\u00e1ser emite pulsos de luz que son absorbidos por la melanina del fol\u00edculo piloso, debilit\u00e1ndolo y retrasando su crecimiento. Personalizamos cada tratamiento seg\u00fan &#8230; <\/p>\n<p class=\"read-more-container\"><a title=\"DEPILACION LASER\" class=\"read-more button\" href=\"https:\/\/cintiacarreras.com\/index.php\/product\/depilacion-laser\/#more-19414\" aria-label=\"Read more about DEPILACION LASER\">Leer m\u00e1s<\/a><\/p>\n","protected":false},"featured_media":19385,"comment_status":"open","ping_status":"closed","template":"","meta":[],"product_cat":[15],"product_tag":[],"class_list":{"0":"post-19414","1":"product","2":"type-product","3":"status-publish","4":"has-post-thumbnail","6":"product_cat-uncategorized","7":"sales-flash-overlay","8":"woocommerce-text-align-center","9":"woocommerce-image-align-center","10":"do-quantity-buttons","12":"first","13":"instock","14":"shipping-taxable","15":"product-type-simple"},"yoast_head":"<!-- This site is optimized with the Yoast SEO plugin v23.4 - https:\/\/yoast.com\/wordpress\/plugins\/seo\/ -->\n<title>DEPILACION LASER - cintiacarreras.com<\/title>\n<meta name=\"robots\" content=\"index, follow, max-snippet:-1, max-image-preview:large, max-video-preview:-1\" \/>\n<link rel=\"canonical\" href=\"https:\/\/cintiacarreras.com\/index.php\/product\/depilacion-laser\/\" \/>\n<meta property=\"og:locale\" content=\"en_US\" \/>\n<meta property=\"og:type\" content=\"article\" \/>\n<meta property=\"og:title\" content=\"DEPILACION LASER - cintiacarreras.com\" \/>\n<meta property=\"og:description\" content=\"Disfruta de una piel suave y libre de vello con nuestra depi. Nuestra depilaci\u00f3n l\u00e1ser utiliza tecnolog\u00eda de \u00faltima generaci\u00f3n para eliminar el vello no deseado de manera eficaz y duradera. El l\u00e1ser emite pulsos de luz que son absorbidos por la melanina del fol\u00edculo piloso, debilit\u00e1ndolo y retrasando su crecimiento. Personalizamos cada tratamiento seg\u00fan ... Leer m\u00e1s\" \/>\n<meta property=\"og:url\" content=\"https:\/\/cintiacarreras.com\/index.php\/product\/depilacion-laser\/\" \/>\n<meta property=\"og:site_name\" content=\"cintiacarreras.com\" \/>\n<meta property=\"article:modified_time\" content=\"2023-07-28T20:11:05+00:00\" \/>\n<meta property=\"og:image\" content=\"https:\/\/cintiacarreras.com\/wp-content\/uploads\/2023\/07\/DEPILACION-MEDICA-LASER.png\" \/>\n\t<meta property=\"og:image:width\" content=\"1080\" \/>\n\t<meta property=\"og:image:height\" content=\"1080\" \/>\n\t<meta property=\"og:image:type\" content=\"image\/png\" \/>\n<meta name=\"twitter:card\" content=\"summary_large_image\" \/>\n<meta name=\"twitter:label1\" content=\"Est. reading time\" \/>\n\t<meta name=\"twitter:data1\" content=\"1 minute\" \/>\n<script type=\"application\/ld+json\" class=\"yoast-schema-graph\">{\"@context\":\"https:\/\/schema.org\",\"@graph\":[{\"@type\":\"WebPage\",\"@id\":\"https:\/\/cintiacarreras.com\/index.php\/product\/depilacion-laser\/\",\"url\":\"https:\/\/cintiacarreras.com\/index.php\/product\/depilacion-laser\/\",\"name\":\"DEPILACION LASER - cintiacarreras.com\",\"isPartOf\":{\"@id\":\"https:\/\/cintiacarreras.com\/#website\"},\"primaryImageOfPage\":{\"@id\":\"https:\/\/cintiacarreras.com\/index.php\/product\/depilacion-laser\/#primaryimage\"},\"image\":{\"@id\":\"https:\/\/cintiacarreras.com\/index.php\/product\/depilacion-laser\/#primaryimage\"},\"thumbnailUrl\":\"https:\/\/cintiacarreras.com\/wp-content\/uploads\/2023\/07\/DEPILACION-MEDICA-LASER.png\",\"datePublished\":\"2023-07-28T20:09:32+00:00\",\"dateModified\":\"2023-07-28T20:11:05+00:00\",\"breadcrumb\":{\"@id\":\"https:\/\/cintiacarreras.com\/index.php\/product\/depilacion-laser\/#breadcrumb\"},\"inLanguage\":\"en-US\",\"potentialAction\":[{\"@type\":\"ReadAction\",\"target\":[\"https:\/\/cintiacarreras.com\/index.php\/product\/depilacion-laser\/\"]}]},{\"@type\":\"ImageObject\",\"inLanguage\":\"en-US\",\"@id\":\"https:\/\/cintiacarreras.com\/index.php\/product\/depilacion-laser\/#primaryimage\",\"url\":\"https:\/\/cintiacarreras.com\/wp-content\/uploads\/2023\/07\/DEPILACION-MEDICA-LASER.png\",\"contentUrl\":\"https:\/\/cintiacarreras.com\/wp-content\/uploads\/2023\/07\/DEPILACION-MEDICA-LASER.png\",\"width\":1080,\"height\":1080,\"caption\":\"imagen ilustrativa del servicio\"},{\"@type\":\"BreadcrumbList\",\"@id\":\"https:\/\/cintiacarreras.com\/index.php\/product\/depilacion-laser\/#breadcrumb\",\"itemListElement\":[{\"@type\":\"ListItem\",\"position\":1,\"name\":\"Inicio\",\"item\":\"https:\/\/cintiacarreras.com\/\"},{\"@type\":\"ListItem\",\"position\":2,\"name\":\"Servicios\",\"item\":\"https:\/\/cintiacarreras.com\/index.php\/shop\/\"},{\"@type\":\"ListItem\",\"position\":3,\"name\":\"DEPILACION LASER\"}]},{\"@type\":\"WebSite\",\"@id\":\"https:\/\/cintiacarreras.com\/#website\",\"url\":\"https:\/\/cintiacarreras.com\/\",\"name\":\"cintiacarreras.com\",\"description\":\"Dra Cintia Carreras- Especialista en Dermatolog\u00eda, medicina estetica y l\u00e1ser.\",\"publisher\":{\"@id\":\"https:\/\/cintiacarreras.com\/#organization\"},\"potentialAction\":[{\"@type\":\"SearchAction\",\"target\":{\"@type\":\"EntryPoint\",\"urlTemplate\":\"https:\/\/cintiacarreras.com\/?s={search_term_string}\"},\"query-input\":{\"@type\":\"PropertyValueSpecification\",\"valueRequired\":true,\"valueName\":\"search_term_string\"}}],\"inLanguage\":\"en-US\"},{\"@type\":\"Organization\",\"@id\":\"https:\/\/cintiacarreras.com\/#organization\",\"name\":\"cintiacarreras.com\",\"url\":\"https:\/\/cintiacarreras.com\/\",\"logo\":{\"@type\":\"ImageObject\",\"inLanguage\":\"en-US\",\"@id\":\"https:\/\/cintiacarreras.com\/#\/schema\/logo\/image\/\",\"url\":\"https:\/\/cintiacarreras.com\/wp-content\/uploads\/2023\/05\/cropped-logo-reverso-cintia-carreras.png\",\"contentUrl\":\"https:\/\/cintiacarreras.com\/wp-content\/uploads\/2023\/05\/cropped-logo-reverso-cintia-carreras.png\",\"width\":510,\"height\":510,\"caption\":\"cintiacarreras.com\"},\"image\":{\"@id\":\"https:\/\/cintiacarreras.com\/#\/schema\/logo\/image\/\"}}]}<\/script>\n<!-- \/ Yoast SEO plugin. -->","yoast_head_json":{"title":"DEPILACION LASER - cintiacarreras.com","robots":{"index":"index","follow":"follow","max-snippet":"max-snippet:-1","max-image-preview":"max-image-preview:large","max-video-preview":"max-video-preview:-1"},"canonical":"https:\/\/cintiacarreras.com\/index.php\/product\/depilacion-laser\/","og_locale":"en_US","og_type":"article","og_title":"DEPILACION LASER - cintiacarreras.com","og_description":"Disfruta de una piel suave y libre de vello con nuestra depi. Nuestra depilaci\u00f3n l\u00e1ser utiliza tecnolog\u00eda de \u00faltima generaci\u00f3n para eliminar el vello no deseado de manera eficaz y duradera. El l\u00e1ser emite pulsos de luz que son absorbidos por la melanina del fol\u00edculo piloso, debilit\u00e1ndolo y retrasando su crecimiento. Personalizamos cada tratamiento seg\u00fan ... Leer m\u00e1s","og_url":"https:\/\/cintiacarreras.com\/index.php\/product\/depilacion-laser\/","og_site_name":"cintiacarreras.com","article_modified_time":"2023-07-28T20:11:05+00:00","og_image":[{"width":1080,"height":1080,"url":"https:\/\/cintiacarreras.com\/wp-content\/uploads\/2023\/07\/DEPILACION-MEDICA-LASER.png","type":"image\/png"}],"twitter_card":"summary_large_image","twitter_misc":{"Est. reading time":"1 minute"},"schema":{"@context":"https:\/\/schema.org","@graph":[{"@type":"WebPage","@id":"https:\/\/cintiacarreras.com\/index.php\/product\/depilacion-laser\/","url":"https:\/\/cintiacarreras.com\/index.php\/product\/depilacion-laser\/","name":"DEPILACION LASER - cintiacarreras.com","isPartOf":{"@id":"https:\/\/cintiacarreras.com\/#website"},"primaryImageOfPage":{"@id":"https:\/\/cintiacarreras.com\/index.php\/product\/depilacion-laser\/#primaryimage"},"image":{"@id":"https:\/\/cintiacarreras.com\/index.php\/product\/depilacion-laser\/#primaryimage"},"thumbnailUrl":"https:\/\/cintiacarreras.com\/wp-content\/uploads\/2023\/07\/DEPILACION-MEDICA-LASER.png","datePublished":"2023-07-28T20:09:32+00:00","dateModified":"2023-07-28T20:11:05+00:00","breadcrumb":{"@id":"https:\/\/cintiacarreras.com\/index.php\/product\/depilacion-laser\/#breadcrumb"},"inLanguage":"en-US","potentialAction":[{"@type":"ReadAction","target":["https:\/\/cintiacarreras.com\/index.php\/product\/depilacion-laser\/"]}]},{"@type":"ImageObject","inLanguage":"en-US","@id":"https:\/\/cintiacarreras.com\/index.php\/product\/depilacion-laser\/#primaryimage","url":"https:\/\/cintiacarreras.com\/wp-content\/uploads\/2023\/07\/DEPILACION-MEDICA-LASER.png","contentUrl":"https:\/\/cintiacarreras.com\/wp-content\/uploads\/2023\/07\/DEPILACION-MEDICA-LASER.png","width":1080,"height":1080,"caption":"imagen ilustrativa del servicio"},{"@type":"BreadcrumbList","@id":"https:\/\/cintiacarreras.com\/index.php\/product\/depilacion-laser\/#breadcrumb","itemListElement":[{"@type":"ListItem","position":1,"name":"Inicio","item":"https:\/\/cintiacarreras.com\/"},{"@type":"ListItem","position":2,"name":"Servicios","item":"https:\/\/cintiacarreras.com\/index.php\/shop\/"},{"@type":"ListItem","position":3,"name":"DEPILACION LASER"}]},{"@type":"WebSite","@id":"https:\/\/cintiacarreras.com\/#website","url":"https:\/\/cintiacarreras.com\/","name":"cintiacarreras.com","description":"Dra Cintia Carreras- Especialista en Dermatolog\u00eda, medicina estetica y l\u00e1ser.","publisher":{"@id":"https:\/\/cintiacarreras.com\/#organization"},"potentialAction":[{"@type":"SearchAction","target":{"@type":"EntryPoint","urlTemplate":"https:\/\/cintiacarreras.com\/?s={search_term_string}"},"query-input":{"@type":"PropertyValueSpecification","valueRequired":true,"valueName":"search_term_string"}}],"inLanguage":"en-US"},{"@type":"Organization","@id":"https:\/\/cintiacarreras.com\/#organization","name":"cintiacarreras.com","url":"https:\/\/cintiacarreras.com\/","logo":{"@type":"ImageObject","inLanguage":"en-US","@id":"https:\/\/cintiacarreras.com\/#\/schema\/logo\/image\/","url":"https:\/\/cintiacarreras.com\/wp-content\/uploads\/2023\/05\/cropped-logo-reverso-cintia-carreras.png","contentUrl":"https:\/\/cintiacarreras.com\/wp-content\/uploads\/2023\/05\/cropped-logo-reverso-cintia-carreras.png","width":510,"height":510,"caption":"cintiacarreras.com"},"image":{"@id":"https:\/\/cintiacarreras.com\/#\/schema\/logo\/image\/"}}]}},"_links":{"self":[{"href":"https:\/\/cintiacarreras.com\/index.php\/wp-json\/wp\/v2\/product\/19414","targetHints":{"allow":["GET"]}}],"collection":[{"href":"https:\/\/cintiacarreras.com\/index.php\/wp-json\/wp\/v2\/product"}],"about":[{"href":"https:\/\/cintiacarreras.com\/index.php\/wp-json\/wp\/v2\/types\/product"}],"replies":[{"embeddable":true,"href":"https:\/\/cintiacarreras.com\/index.php\/wp-json\/wp\/v2\/comments?post=19414"}],"wp:featuredmedia":[{"embeddable":true,"href":"https:\/\/cintiacarreras.com\/index.php\/wp-json\/wp\/v2\/media\/19385"}],"wp:attachment":[{"href":"https:\/\/cintiacarreras.com\/index.php\/wp-json\/wp\/v2\/media?parent=19414"}],"wp:term":[{"taxonomy":"product_cat","embeddable":true,"href":"https:\/\/cintiacarreras.com\/index.php\/wp-json\/wp\/v2\/product_cat?post=19414"},{"taxonomy":"product_tag","embeddable":true,"href":"https:\/\/cintiacarreras.com\/index.php\/wp-json\/wp\/v2\/product_tag?post=19414"}],"curies":[{"name":"wp","href":"https:\/\/api.w.org\/{rel}","templated":true}]}}