{"id":19373,"date":"2023-07-25T17:49:01","date_gmt":"2023-07-25T20:49:01","guid":{"rendered":"https:\/\/cintiacarreras.com\/?post_type=product&#038;p=19373"},"modified":"2023-07-27T10:36:24","modified_gmt":"2023-07-27T13:36:24","slug":"remocion-de-tatuajes-laser","status":"publish","type":"product","link":"https:\/\/cintiacarreras.com\/index.php\/product\/remocion-de-tatuajes-laser\/","title":{"rendered":"REMOCION DE TATUAJES LASER"},"content":{"rendered":"<p>Elimina de manera efectiva y segura tatuajes no deseados con nuestro servicio de remoci\u00f3n con l\u00e1ser. Nuestro l\u00e1ser especializado para remoci\u00f3n de tatuajes utiliza pulsos de luz de alta precisi\u00f3n para descomponer las part\u00edculas de tinta, fragmentando el tatuaje capa por capa. Con cada sesi\u00f3n, el tatuaje se desvanece progresivamente hasta desaparecer por completo. Ajustamos el tratamiento seg\u00fan el tipo y color del tatuaje, garantizando resultados notables y una piel m\u00e1s clara. La remoci\u00f3n de tatuajes con l\u00e1ser es segura y minimiza el riesgo de cicatrices, a diferencia de otros m\u00e9todos m\u00e1s invasivos. Nuestro enfoque profesional y compromiso con tu comodidad aseguran una experiencia satisfactoria en todo momento. Descubre los beneficios de la remoci\u00f3n de tatuajes con l\u00e1ser y dale a tu piel una nueva oportunidad para lucir limpia y sin marcas, devolvi\u00e9ndote la confianza en tu apariencia.<\/p>\n","protected":false},"excerpt":{"rendered":"<p>Elimina de manera efectiva y segura tatuajes no deseados con nuestro servicio de remoci\u00f3n con l\u00e1ser. Nuestro l\u00e1ser especializado para remoci\u00f3n de tatuajes utiliza pulsos de luz de alta precisi\u00f3n para descomponer las part\u00edculas de tinta, fragmentando el tatuaje capa por capa. Con cada sesi\u00f3n, el tatuaje se desvanece progresivamente hasta desaparecer por completo. Ajustamos &#8230; <\/p>\n<p class=\"read-more-container\"><a title=\"REMOCION DE TATUAJES LASER\" class=\"read-more button\" href=\"https:\/\/cintiacarreras.com\/index.php\/product\/remocion-de-tatuajes-laser\/#more-19373\" aria-label=\"Read more about REMOCION DE TATUAJES LASER\">Leer m\u00e1s<\/a><\/p>\n","protected":false},"featured_media":19402,"comment_status":"open","ping_status":"closed","template":"","meta":[],"product_cat":[19],"product_tag":[25],"class_list":{"0":"post-19373","1":"product","2":"type-product","3":"status-publish","4":"has-post-thumbnail","6":"product_cat-laser","7":"product_tag-tatuajes","8":"sales-flash-overlay","9":"woocommerce-text-align-center","10":"woocommerce-image-align-center","11":"do-quantity-buttons","13":"first","14":"instock","15":"shipping-taxable","16":"product-type-simple"},"yoast_head":"<!-- This site is optimized with the Yoast SEO plugin v23.4 - https:\/\/yoast.com\/wordpress\/plugins\/seo\/ -->\n<title>REMOCION DE TATUAJES LASER - cintiacarreras.com<\/title>\n<meta name=\"robots\" content=\"index, follow, max-snippet:-1, max-image-preview:large, max-video-preview:-1\" \/>\n<link rel=\"canonical\" href=\"https:\/\/cintiacarreras.com\/index.php\/product\/remocion-de-tatuajes-laser\/\" \/>\n<meta property=\"og:locale\" content=\"en_US\" \/>\n<meta property=\"og:type\" content=\"article\" \/>\n<meta property=\"og:title\" content=\"REMOCION DE TATUAJES LASER - cintiacarreras.com\" \/>\n<meta property=\"og:description\" content=\"Elimina de manera efectiva y segura tatuajes no deseados con nuestro servicio de remoci\u00f3n con l\u00e1ser. Nuestro l\u00e1ser especializado para remoci\u00f3n de tatuajes utiliza pulsos de luz de alta precisi\u00f3n para descomponer las part\u00edculas de tinta, fragmentando el tatuaje capa por capa. Con cada sesi\u00f3n, el tatuaje se desvanece progresivamente hasta desaparecer por completo. Ajustamos ... Leer m\u00e1s\" \/>\n<meta property=\"og:url\" content=\"https:\/\/cintiacarreras.com\/index.php\/product\/remocion-de-tatuajes-laser\/\" \/>\n<meta property=\"og:site_name\" content=\"cintiacarreras.com\" \/>\n<meta property=\"article:modified_time\" content=\"2023-07-27T13:36:24+00:00\" \/>\n<meta property=\"og:image\" content=\"https:\/\/cintiacarreras.com\/wp-content\/uploads\/2023\/07\/TATOO.png\" \/>\n\t<meta property=\"og:image:width\" content=\"1080\" \/>\n\t<meta property=\"og:image:height\" content=\"1080\" \/>\n\t<meta property=\"og:image:type\" content=\"image\/png\" \/>\n<meta name=\"twitter:card\" content=\"summary_large_image\" \/>\n<meta name=\"twitter:label1\" content=\"Est. reading time\" \/>\n\t<meta name=\"twitter:data1\" content=\"1 minute\" \/>\n<script type=\"application\/ld+json\" class=\"yoast-schema-graph\">{\"@context\":\"https:\/\/schema.org\",\"@graph\":[{\"@type\":\"WebPage\",\"@id\":\"https:\/\/cintiacarreras.com\/index.php\/product\/remocion-de-tatuajes-laser\/\",\"url\":\"https:\/\/cintiacarreras.com\/index.php\/product\/remocion-de-tatuajes-laser\/\",\"name\":\"REMOCION DE TATUAJES LASER - cintiacarreras.com\",\"isPartOf\":{\"@id\":\"https:\/\/cintiacarreras.com\/#website\"},\"primaryImageOfPage\":{\"@id\":\"https:\/\/cintiacarreras.com\/index.php\/product\/remocion-de-tatuajes-laser\/#primaryimage\"},\"image\":{\"@id\":\"https:\/\/cintiacarreras.com\/index.php\/product\/remocion-de-tatuajes-laser\/#primaryimage\"},\"thumbnailUrl\":\"https:\/\/cintiacarreras.com\/wp-content\/uploads\/2023\/07\/TATOO.png\",\"datePublished\":\"2023-07-25T20:49:01+00:00\",\"dateModified\":\"2023-07-27T13:36:24+00:00\",\"breadcrumb\":{\"@id\":\"https:\/\/cintiacarreras.com\/index.php\/product\/remocion-de-tatuajes-laser\/#breadcrumb\"},\"inLanguage\":\"en-US\",\"potentialAction\":[{\"@type\":\"ReadAction\",\"target\":[\"https:\/\/cintiacarreras.com\/index.php\/product\/remocion-de-tatuajes-laser\/\"]}]},{\"@type\":\"ImageObject\",\"inLanguage\":\"en-US\",\"@id\":\"https:\/\/cintiacarreras.com\/index.php\/product\/remocion-de-tatuajes-laser\/#primaryimage\",\"url\":\"https:\/\/cintiacarreras.com\/wp-content\/uploads\/2023\/07\/TATOO.png\",\"contentUrl\":\"https:\/\/cintiacarreras.com\/wp-content\/uploads\/2023\/07\/TATOO.png\",\"width\":1080,\"height\":1080,\"caption\":\"Imagen decorativa del tratamiento remocion de tatuajes\"},{\"@type\":\"BreadcrumbList\",\"@id\":\"https:\/\/cintiacarreras.com\/index.php\/product\/remocion-de-tatuajes-laser\/#breadcrumb\",\"itemListElement\":[{\"@type\":\"ListItem\",\"position\":1,\"name\":\"Inicio\",\"item\":\"https:\/\/cintiacarreras.com\/\"},{\"@type\":\"ListItem\",\"position\":2,\"name\":\"Servicios\",\"item\":\"https:\/\/cintiacarreras.com\/index.php\/shop\/\"},{\"@type\":\"ListItem\",\"position\":3,\"name\":\"REMOCION DE TATUAJES LASER\"}]},{\"@type\":\"WebSite\",\"@id\":\"https:\/\/cintiacarreras.com\/#website\",\"url\":\"https:\/\/cintiacarreras.com\/\",\"name\":\"cintiacarreras.com\",\"description\":\"Dra Cintia Carreras- Especialista en Dermatolog\u00eda, medicina estetica y l\u00e1ser.\",\"publisher\":{\"@id\":\"https:\/\/cintiacarreras.com\/#organization\"},\"potentialAction\":[{\"@type\":\"SearchAction\",\"target\":{\"@type\":\"EntryPoint\",\"urlTemplate\":\"https:\/\/cintiacarreras.com\/?s={search_term_string}\"},\"query-input\":{\"@type\":\"PropertyValueSpecification\",\"valueRequired\":true,\"valueName\":\"search_term_string\"}}],\"inLanguage\":\"en-US\"},{\"@type\":\"Organization\",\"@id\":\"https:\/\/cintiacarreras.com\/#organization\",\"name\":\"cintiacarreras.com\",\"url\":\"https:\/\/cintiacarreras.com\/\",\"logo\":{\"@type\":\"ImageObject\",\"inLanguage\":\"en-US\",\"@id\":\"https:\/\/cintiacarreras.com\/#\/schema\/logo\/image\/\",\"url\":\"https:\/\/cintiacarreras.com\/wp-content\/uploads\/2023\/05\/cropped-logo-reverso-cintia-carreras.png\",\"contentUrl\":\"https:\/\/cintiacarreras.com\/wp-content\/uploads\/2023\/05\/cropped-logo-reverso-cintia-carreras.png\",\"width\":510,\"height\":510,\"caption\":\"cintiacarreras.com\"},\"image\":{\"@id\":\"https:\/\/cintiacarreras.com\/#\/schema\/logo\/image\/\"}}]}<\/script>\n<!-- \/ Yoast SEO plugin. -->","yoast_head_json":{"title":"REMOCION DE TATUAJES LASER - cintiacarreras.com","robots":{"index":"index","follow":"follow","max-snippet":"max-snippet:-1","max-image-preview":"max-image-preview:large","max-video-preview":"max-video-preview:-1"},"canonical":"https:\/\/cintiacarreras.com\/index.php\/product\/remocion-de-tatuajes-laser\/","og_locale":"en_US","og_type":"article","og_title":"REMOCION DE TATUAJES LASER - cintiacarreras.com","og_description":"Elimina de manera efectiva y segura tatuajes no deseados con nuestro servicio de remoci\u00f3n con l\u00e1ser. Nuestro l\u00e1ser especializado para remoci\u00f3n de tatuajes utiliza pulsos de luz de alta precisi\u00f3n para descomponer las part\u00edculas de tinta, fragmentando el tatuaje capa por capa. Con cada sesi\u00f3n, el tatuaje se desvanece progresivamente hasta desaparecer por completo. Ajustamos ... Leer m\u00e1s","og_url":"https:\/\/cintiacarreras.com\/index.php\/product\/remocion-de-tatuajes-laser\/","og_site_name":"cintiacarreras.com","article_modified_time":"2023-07-27T13:36:24+00:00","og_image":[{"width":1080,"height":1080,"url":"https:\/\/cintiacarreras.com\/wp-content\/uploads\/2023\/07\/TATOO.png","type":"image\/png"}],"twitter_card":"summary_large_image","twitter_misc":{"Est. reading time":"1 minute"},"schema":{"@context":"https:\/\/schema.org","@graph":[{"@type":"WebPage","@id":"https:\/\/cintiacarreras.com\/index.php\/product\/remocion-de-tatuajes-laser\/","url":"https:\/\/cintiacarreras.com\/index.php\/product\/remocion-de-tatuajes-laser\/","name":"REMOCION DE TATUAJES LASER - cintiacarreras.com","isPartOf":{"@id":"https:\/\/cintiacarreras.com\/#website"},"primaryImageOfPage":{"@id":"https:\/\/cintiacarreras.com\/index.php\/product\/remocion-de-tatuajes-laser\/#primaryimage"},"image":{"@id":"https:\/\/cintiacarreras.com\/index.php\/product\/remocion-de-tatuajes-laser\/#primaryimage"},"thumbnailUrl":"https:\/\/cintiacarreras.com\/wp-content\/uploads\/2023\/07\/TATOO.png","datePublished":"2023-07-25T20:49:01+00:00","dateModified":"2023-07-27T13:36:24+00:00","breadcrumb":{"@id":"https:\/\/cintiacarreras.com\/index.php\/product\/remocion-de-tatuajes-laser\/#breadcrumb"},"inLanguage":"en-US","potentialAction":[{"@type":"ReadAction","target":["https:\/\/cintiacarreras.com\/index.php\/product\/remocion-de-tatuajes-laser\/"]}]},{"@type":"ImageObject","inLanguage":"en-US","@id":"https:\/\/cintiacarreras.com\/index.php\/product\/remocion-de-tatuajes-laser\/#primaryimage","url":"https:\/\/cintiacarreras.com\/wp-content\/uploads\/2023\/07\/TATOO.png","contentUrl":"https:\/\/cintiacarreras.com\/wp-content\/uploads\/2023\/07\/TATOO.png","width":1080,"height":1080,"caption":"Imagen decorativa del tratamiento remocion de tatuajes"},{"@type":"BreadcrumbList","@id":"https:\/\/cintiacarreras.com\/index.php\/product\/remocion-de-tatuajes-laser\/#breadcrumb","itemListElement":[{"@type":"ListItem","position":1,"name":"Inicio","item":"https:\/\/cintiacarreras.com\/"},{"@type":"ListItem","position":2,"name":"Servicios","item":"https:\/\/cintiacarreras.com\/index.php\/shop\/"},{"@type":"ListItem","position":3,"name":"REMOCION DE TATUAJES LASER"}]},{"@type":"WebSite","@id":"https:\/\/cintiacarreras.com\/#website","url":"https:\/\/cintiacarreras.com\/","name":"cintiacarreras.com","description":"Dra Cintia Carreras- Especialista en Dermatolog\u00eda, medicina estetica y l\u00e1ser.","publisher":{"@id":"https:\/\/cintiacarreras.com\/#organization"},"potentialAction":[{"@type":"SearchAction","target":{"@type":"EntryPoint","urlTemplate":"https:\/\/cintiacarreras.com\/?s={search_term_string}"},"query-input":{"@type":"PropertyValueSpecification","valueRequired":true,"valueName":"search_term_string"}}],"inLanguage":"en-US"},{"@type":"Organization","@id":"https:\/\/cintiacarreras.com\/#organization","name":"cintiacarreras.com","url":"https:\/\/cintiacarreras.com\/","logo":{"@type":"ImageObject","inLanguage":"en-US","@id":"https:\/\/cintiacarreras.com\/#\/schema\/logo\/image\/","url":"https:\/\/cintiacarreras.com\/wp-content\/uploads\/2023\/05\/cropped-logo-reverso-cintia-carreras.png","contentUrl":"https:\/\/cintiacarreras.com\/wp-content\/uploads\/2023\/05\/cropped-logo-reverso-cintia-carreras.png","width":510,"height":510,"caption":"cintiacarreras.com"},"image":{"@id":"https:\/\/cintiacarreras.com\/#\/schema\/logo\/image\/"}}]}},"_links":{"self":[{"href":"https:\/\/cintiacarreras.com\/index.php\/wp-json\/wp\/v2\/product\/19373","targetHints":{"allow":["GET"]}}],"collection":[{"href":"https:\/\/cintiacarreras.com\/index.php\/wp-json\/wp\/v2\/product"}],"about":[{"href":"https:\/\/cintiacarreras.com\/index.php\/wp-json\/wp\/v2\/types\/product"}],"replies":[{"embeddable":true,"href":"https:\/\/cintiacarreras.com\/index.php\/wp-json\/wp\/v2\/comments?post=19373"}],"wp:featuredmedia":[{"embeddable":true,"href":"https:\/\/cintiacarreras.com\/index.php\/wp-json\/wp\/v2\/media\/19402"}],"wp:attachment":[{"href":"https:\/\/cintiacarreras.com\/index.php\/wp-json\/wp\/v2\/media?parent=19373"}],"wp:term":[{"taxonomy":"product_cat","embeddable":true,"href":"https:\/\/cintiacarreras.com\/index.php\/wp-json\/wp\/v2\/product_cat?post=19373"},{"taxonomy":"product_tag","embeddable":true,"href":"https:\/\/cintiacarreras.com\/index.php\/wp-json\/wp\/v2\/product_tag?post=19373"}],"curies":[{"name":"wp","href":"https:\/\/api.w.org\/{rel}","templated":true}]}}