{"id":19372,"date":"2023-07-25T17:47:28","date_gmt":"2023-07-25T20:47:28","guid":{"rendered":"https:\/\/cintiacarreras.com\/?post_type=product&#038;p=19372"},"modified":"2025-05-25T21:52:18","modified_gmt":"2025-05-26T00:52:18","slug":"rejuvenecimiento-facial-laser","status":"publish","type":"product","link":"https:\/\/cintiacarreras.com\/index.php\/product\/rejuvenecimiento-facial-laser\/","title":{"rendered":"REJUVENECIMIENTO FACIAL LASER"},"content":{"rendered":"<div class=\"group w-full text-gray-800 dark:text-gray-100 border-b border-black\/10 dark:border-gray-900\/50 bg-gray-50 dark:bg-[#444654] sm:AIPRM__conversation__response\">\n<div class=\"flex p-4 gap-4 text-base md:gap-6 md:max-w-2xl lg:max-w-[38rem] xl:max-w-3xl md:py-6 lg:px-0 m-auto relative\">\n<div class=\"relative flex w-[calc(100%-50px)] flex-col gap-1 md:gap-3 lg:w-[calc(100%-115px)]\">\n<div class=\"flex flex-grow flex-col gap-3\">\n<div class=\"min-h-[20px] flex items-start overflow-x-auto whitespace-pre-wrap break-words flex-col gap-4\">\n<div class=\"markdown prose w-full break-words dark:prose-invert light AIPRM__conversation__response\">\n<p>Recupera la juventud y luminosidad de tu rostro con nuestro servicio de rejuvenecimiento facial con l\u00e1ser. Nuestro avanzado l\u00e1ser para rejuvenecimiento facial ofrece una soluci\u00f3n efectiva y no invasiva para combatir los signos del envejecimiento. Mediante tecnolog\u00eda l\u00e1ser de \u00faltima generaci\u00f3n, estimulamos la producci\u00f3n de col\u00e1geno y la renovaci\u00f3n celular en la piel, reduciendo arrugas, l\u00edneas finas, manchas y mejorando la textura general del rostro. Personalizamos cada tratamiento para adaptarnos a tus necesidades espec\u00edficas, brind\u00e1ndote resultados naturales y duraderos. Con nuestro enfoque profesional y cuidadoso, podr\u00e1s disfrutar de una experiencia c\u00f3moda y segura en cada sesi\u00f3n. Descubre los beneficios del rejuvenecimiento facial con l\u00e1ser y deslumbra con una piel m\u00e1s firme, suave y radiante, luciendo una apariencia rejuvenecida y fresca en cada mirada.<\/p>\n<\/div>\n<\/div>\n<\/div>\n<div class=\"flex justify-between lg:block\"><\/div>\n<\/div>\n<div class=\"absolute top-0 right-0\"><\/div>\n<\/div>\n<\/div>\n","protected":false},"excerpt":{"rendered":"<p>Recupera la juventud y luminosidad de tu rostro con nuestro servicio de rejuvenecimiento facial con l\u00e1ser. Nuestro avanzado l\u00e1ser para rejuvenecimiento facial ofrece una soluci\u00f3n efectiva y no invasiva para combatir los signos del envejecimiento. Mediante tecnolog\u00eda l\u00e1ser de \u00faltima generaci\u00f3n, estimulamos la producci\u00f3n de col\u00e1geno y la renovaci\u00f3n celular en la piel, reduciendo arrugas, &#8230; <\/p>\n<p class=\"read-more-container\"><a title=\"REJUVENECIMIENTO FACIAL LASER\" class=\"read-more button\" href=\"https:\/\/cintiacarreras.com\/index.php\/product\/rejuvenecimiento-facial-laser\/#more-19372\" aria-label=\"Read more about REJUVENECIMIENTO FACIAL LASER\">Leer m\u00e1s<\/a><\/p>\n","protected":false},"featured_media":19409,"comment_status":"open","ping_status":"closed","template":"","meta":[],"product_cat":[19],"product_tag":[27,24,43,41,28,40,29,42],"class_list":{"0":"post-19372","1":"product","2":"type-product","3":"status-publish","4":"has-post-thumbnail","6":"product_cat-laser","7":"product_tag-acne","8":"product_tag-blanqueamiento","9":"product_tag-escote","10":"product_tag-manos","11":"product_tag-melasma","12":"product_tag-rejuvenecimiento","13":"product_tag-rosacea","14":"product_tag-rostro","15":"sales-flash-overlay","16":"woocommerce-text-align-center","17":"woocommerce-image-align-center","18":"do-quantity-buttons","20":"first","21":"instock","22":"shipping-taxable","23":"product-type-simple"},"yoast_head":"<!-- This site is optimized with the Yoast SEO plugin v23.4 - https:\/\/yoast.com\/wordpress\/plugins\/seo\/ -->\n<title>REJUVENECIMIENTO FACIAL LASER - cintiacarreras.com<\/title>\n<meta name=\"robots\" content=\"index, follow, max-snippet:-1, max-image-preview:large, max-video-preview:-1\" \/>\n<link rel=\"canonical\" href=\"https:\/\/cintiacarreras.com\/index.php\/product\/rejuvenecimiento-facial-laser\/\" \/>\n<meta property=\"og:locale\" content=\"en_US\" \/>\n<meta property=\"og:type\" content=\"article\" \/>\n<meta property=\"og:title\" content=\"REJUVENECIMIENTO FACIAL LASER - cintiacarreras.com\" \/>\n<meta property=\"og:description\" content=\"Recupera la juventud y luminosidad de tu rostro con nuestro servicio de rejuvenecimiento facial con l\u00e1ser. Nuestro avanzado l\u00e1ser para rejuvenecimiento facial ofrece una soluci\u00f3n efectiva y no invasiva para combatir los signos del envejecimiento. Mediante tecnolog\u00eda l\u00e1ser de \u00faltima generaci\u00f3n, estimulamos la producci\u00f3n de col\u00e1geno y la renovaci\u00f3n celular en la piel, reduciendo arrugas, ... Leer m\u00e1s\" \/>\n<meta property=\"og:url\" content=\"https:\/\/cintiacarreras.com\/index.php\/product\/rejuvenecimiento-facial-laser\/\" \/>\n<meta property=\"og:site_name\" content=\"cintiacarreras.com\" \/>\n<meta property=\"article:modified_time\" content=\"2025-05-26T00:52:18+00:00\" \/>\n<meta property=\"og:image\" content=\"https:\/\/cintiacarreras.com\/wp-content\/uploads\/2023\/07\/laser-antiage-rejuvenecimiento-facial.png\" \/>\n\t<meta property=\"og:image:width\" content=\"1080\" \/>\n\t<meta property=\"og:image:height\" content=\"1080\" \/>\n\t<meta property=\"og:image:type\" content=\"image\/png\" \/>\n<meta name=\"twitter:card\" content=\"summary_large_image\" \/>\n<meta name=\"twitter:label1\" content=\"Est. reading time\" \/>\n\t<meta name=\"twitter:data1\" content=\"1 minute\" \/>\n<script type=\"application\/ld+json\" class=\"yoast-schema-graph\">{\"@context\":\"https:\/\/schema.org\",\"@graph\":[{\"@type\":\"WebPage\",\"@id\":\"https:\/\/cintiacarreras.com\/index.php\/product\/rejuvenecimiento-facial-laser\/\",\"url\":\"https:\/\/cintiacarreras.com\/index.php\/product\/rejuvenecimiento-facial-laser\/\",\"name\":\"REJUVENECIMIENTO FACIAL LASER - cintiacarreras.com\",\"isPartOf\":{\"@id\":\"https:\/\/cintiacarreras.com\/#website\"},\"primaryImageOfPage\":{\"@id\":\"https:\/\/cintiacarreras.com\/index.php\/product\/rejuvenecimiento-facial-laser\/#primaryimage\"},\"image\":{\"@id\":\"https:\/\/cintiacarreras.com\/index.php\/product\/rejuvenecimiento-facial-laser\/#primaryimage\"},\"thumbnailUrl\":\"https:\/\/cintiacarreras.com\/wp-content\/uploads\/2023\/07\/laser-antiage-rejuvenecimiento-facial.png\",\"datePublished\":\"2023-07-25T20:47:28+00:00\",\"dateModified\":\"2025-05-26T00:52:18+00:00\",\"breadcrumb\":{\"@id\":\"https:\/\/cintiacarreras.com\/index.php\/product\/rejuvenecimiento-facial-laser\/#breadcrumb\"},\"inLanguage\":\"en-US\",\"potentialAction\":[{\"@type\":\"ReadAction\",\"target\":[\"https:\/\/cintiacarreras.com\/index.php\/product\/rejuvenecimiento-facial-laser\/\"]}]},{\"@type\":\"ImageObject\",\"inLanguage\":\"en-US\",\"@id\":\"https:\/\/cintiacarreras.com\/index.php\/product\/rejuvenecimiento-facial-laser\/#primaryimage\",\"url\":\"https:\/\/cintiacarreras.com\/wp-content\/uploads\/2023\/07\/laser-antiage-rejuvenecimiento-facial.png\",\"contentUrl\":\"https:\/\/cintiacarreras.com\/wp-content\/uploads\/2023\/07\/laser-antiage-rejuvenecimiento-facial.png\",\"width\":1080,\"height\":1080,\"caption\":\"imagen decorativa de laser de rejuvenecimiento facial anti age\"},{\"@type\":\"BreadcrumbList\",\"@id\":\"https:\/\/cintiacarreras.com\/index.php\/product\/rejuvenecimiento-facial-laser\/#breadcrumb\",\"itemListElement\":[{\"@type\":\"ListItem\",\"position\":1,\"name\":\"Inicio\",\"item\":\"https:\/\/cintiacarreras.com\/\"},{\"@type\":\"ListItem\",\"position\":2,\"name\":\"Servicios\",\"item\":\"https:\/\/cintiacarreras.com\/index.php\/shop\/\"},{\"@type\":\"ListItem\",\"position\":3,\"name\":\"REJUVENECIMIENTO FACIAL LASER\"}]},{\"@type\":\"WebSite\",\"@id\":\"https:\/\/cintiacarreras.com\/#website\",\"url\":\"https:\/\/cintiacarreras.com\/\",\"name\":\"cintiacarreras.com\",\"description\":\"Dra Cintia Carreras- Especialista en Dermatolog\u00eda, medicina estetica y l\u00e1ser.\",\"publisher\":{\"@id\":\"https:\/\/cintiacarreras.com\/#organization\"},\"potentialAction\":[{\"@type\":\"SearchAction\",\"target\":{\"@type\":\"EntryPoint\",\"urlTemplate\":\"https:\/\/cintiacarreras.com\/?s={search_term_string}\"},\"query-input\":{\"@type\":\"PropertyValueSpecification\",\"valueRequired\":true,\"valueName\":\"search_term_string\"}}],\"inLanguage\":\"en-US\"},{\"@type\":\"Organization\",\"@id\":\"https:\/\/cintiacarreras.com\/#organization\",\"name\":\"cintiacarreras.com\",\"url\":\"https:\/\/cintiacarreras.com\/\",\"logo\":{\"@type\":\"ImageObject\",\"inLanguage\":\"en-US\",\"@id\":\"https:\/\/cintiacarreras.com\/#\/schema\/logo\/image\/\",\"url\":\"https:\/\/cintiacarreras.com\/wp-content\/uploads\/2023\/05\/cropped-logo-reverso-cintia-carreras.png\",\"contentUrl\":\"https:\/\/cintiacarreras.com\/wp-content\/uploads\/2023\/05\/cropped-logo-reverso-cintia-carreras.png\",\"width\":510,\"height\":510,\"caption\":\"cintiacarreras.com\"},\"image\":{\"@id\":\"https:\/\/cintiacarreras.com\/#\/schema\/logo\/image\/\"}}]}<\/script>\n<!-- \/ Yoast SEO plugin. -->","yoast_head_json":{"title":"REJUVENECIMIENTO FACIAL LASER - cintiacarreras.com","robots":{"index":"index","follow":"follow","max-snippet":"max-snippet:-1","max-image-preview":"max-image-preview:large","max-video-preview":"max-video-preview:-1"},"canonical":"https:\/\/cintiacarreras.com\/index.php\/product\/rejuvenecimiento-facial-laser\/","og_locale":"en_US","og_type":"article","og_title":"REJUVENECIMIENTO FACIAL LASER - cintiacarreras.com","og_description":"Recupera la juventud y luminosidad de tu rostro con nuestro servicio de rejuvenecimiento facial con l\u00e1ser. Nuestro avanzado l\u00e1ser para rejuvenecimiento facial ofrece una soluci\u00f3n efectiva y no invasiva para combatir los signos del envejecimiento. Mediante tecnolog\u00eda l\u00e1ser de \u00faltima generaci\u00f3n, estimulamos la producci\u00f3n de col\u00e1geno y la renovaci\u00f3n celular en la piel, reduciendo arrugas, ... Leer m\u00e1s","og_url":"https:\/\/cintiacarreras.com\/index.php\/product\/rejuvenecimiento-facial-laser\/","og_site_name":"cintiacarreras.com","article_modified_time":"2025-05-26T00:52:18+00:00","og_image":[{"width":1080,"height":1080,"url":"https:\/\/cintiacarreras.com\/wp-content\/uploads\/2023\/07\/laser-antiage-rejuvenecimiento-facial.png","type":"image\/png"}],"twitter_card":"summary_large_image","twitter_misc":{"Est. reading time":"1 minute"},"schema":{"@context":"https:\/\/schema.org","@graph":[{"@type":"WebPage","@id":"https:\/\/cintiacarreras.com\/index.php\/product\/rejuvenecimiento-facial-laser\/","url":"https:\/\/cintiacarreras.com\/index.php\/product\/rejuvenecimiento-facial-laser\/","name":"REJUVENECIMIENTO FACIAL LASER - cintiacarreras.com","isPartOf":{"@id":"https:\/\/cintiacarreras.com\/#website"},"primaryImageOfPage":{"@id":"https:\/\/cintiacarreras.com\/index.php\/product\/rejuvenecimiento-facial-laser\/#primaryimage"},"image":{"@id":"https:\/\/cintiacarreras.com\/index.php\/product\/rejuvenecimiento-facial-laser\/#primaryimage"},"thumbnailUrl":"https:\/\/cintiacarreras.com\/wp-content\/uploads\/2023\/07\/laser-antiage-rejuvenecimiento-facial.png","datePublished":"2023-07-25T20:47:28+00:00","dateModified":"2025-05-26T00:52:18+00:00","breadcrumb":{"@id":"https:\/\/cintiacarreras.com\/index.php\/product\/rejuvenecimiento-facial-laser\/#breadcrumb"},"inLanguage":"en-US","potentialAction":[{"@type":"ReadAction","target":["https:\/\/cintiacarreras.com\/index.php\/product\/rejuvenecimiento-facial-laser\/"]}]},{"@type":"ImageObject","inLanguage":"en-US","@id":"https:\/\/cintiacarreras.com\/index.php\/product\/rejuvenecimiento-facial-laser\/#primaryimage","url":"https:\/\/cintiacarreras.com\/wp-content\/uploads\/2023\/07\/laser-antiage-rejuvenecimiento-facial.png","contentUrl":"https:\/\/cintiacarreras.com\/wp-content\/uploads\/2023\/07\/laser-antiage-rejuvenecimiento-facial.png","width":1080,"height":1080,"caption":"imagen decorativa de laser de rejuvenecimiento facial anti age"},{"@type":"BreadcrumbList","@id":"https:\/\/cintiacarreras.com\/index.php\/product\/rejuvenecimiento-facial-laser\/#breadcrumb","itemListElement":[{"@type":"ListItem","position":1,"name":"Inicio","item":"https:\/\/cintiacarreras.com\/"},{"@type":"ListItem","position":2,"name":"Servicios","item":"https:\/\/cintiacarreras.com\/index.php\/shop\/"},{"@type":"ListItem","position":3,"name":"REJUVENECIMIENTO FACIAL LASER"}]},{"@type":"WebSite","@id":"https:\/\/cintiacarreras.com\/#website","url":"https:\/\/cintiacarreras.com\/","name":"cintiacarreras.com","description":"Dra Cintia Carreras- Especialista en Dermatolog\u00eda, medicina estetica y l\u00e1ser.","publisher":{"@id":"https:\/\/cintiacarreras.com\/#organization"},"potentialAction":[{"@type":"SearchAction","target":{"@type":"EntryPoint","urlTemplate":"https:\/\/cintiacarreras.com\/?s={search_term_string}"},"query-input":{"@type":"PropertyValueSpecification","valueRequired":true,"valueName":"search_term_string"}}],"inLanguage":"en-US"},{"@type":"Organization","@id":"https:\/\/cintiacarreras.com\/#organization","name":"cintiacarreras.com","url":"https:\/\/cintiacarreras.com\/","logo":{"@type":"ImageObject","inLanguage":"en-US","@id":"https:\/\/cintiacarreras.com\/#\/schema\/logo\/image\/","url":"https:\/\/cintiacarreras.com\/wp-content\/uploads\/2023\/05\/cropped-logo-reverso-cintia-carreras.png","contentUrl":"https:\/\/cintiacarreras.com\/wp-content\/uploads\/2023\/05\/cropped-logo-reverso-cintia-carreras.png","width":510,"height":510,"caption":"cintiacarreras.com"},"image":{"@id":"https:\/\/cintiacarreras.com\/#\/schema\/logo\/image\/"}}]}},"_links":{"self":[{"href":"https:\/\/cintiacarreras.com\/index.php\/wp-json\/wp\/v2\/product\/19372","targetHints":{"allow":["GET"]}}],"collection":[{"href":"https:\/\/cintiacarreras.com\/index.php\/wp-json\/wp\/v2\/product"}],"about":[{"href":"https:\/\/cintiacarreras.com\/index.php\/wp-json\/wp\/v2\/types\/product"}],"replies":[{"embeddable":true,"href":"https:\/\/cintiacarreras.com\/index.php\/wp-json\/wp\/v2\/comments?post=19372"}],"wp:featuredmedia":[{"embeddable":true,"href":"https:\/\/cintiacarreras.com\/index.php\/wp-json\/wp\/v2\/media\/19409"}],"wp:attachment":[{"href":"https:\/\/cintiacarreras.com\/index.php\/wp-json\/wp\/v2\/media?parent=19372"}],"wp:term":[{"taxonomy":"product_cat","embeddable":true,"href":"https:\/\/cintiacarreras.com\/index.php\/wp-json\/wp\/v2\/product_cat?post=19372"},{"taxonomy":"product_tag","embeddable":true,"href":"https:\/\/cintiacarreras.com\/index.php\/wp-json\/wp\/v2\/product_tag?post=19372"}],"curies":[{"name":"wp","href":"https:\/\/api.w.org\/{rel}","templated":true}]}}