{"id":19371,"date":"2023-07-25T17:38:16","date_gmt":"2023-07-25T20:38:16","guid":{"rendered":"https:\/\/cintiacarreras.com\/?post_type=product&#038;p=19371"},"modified":"2026-03-07T05:07:03","modified_gmt":"2026-03-07T08:07:03","slug":"extirpacion-lesiones-con-laser","status":"publish","type":"product","link":"https:\/\/cintiacarreras.com\/index.php\/product\/extirpacion-lesiones-con-laser\/","title":{"rendered":"EXTIRPACION LESIONES CON LASER"},"content":{"rendered":"<p>Elimina de forma segura y precisa lesiones cut\u00e1neas con nuestro servicio de extirpaciones con l\u00e1ser. Nuestro l\u00e1ser de \u00faltima generaci\u00f3n es la herramienta ideal para eliminar lesiones benignas como verrugas, lunares, y queratosis sin necesidad de cirug\u00eda invasiva. El l\u00e1ser act\u00faa con precisi\u00f3n, evaporando la lesi\u00f3n capa a capa, y dejando una piel sana y sin cicatrices aparentes. . Con nuestro enfoque centrado en tu bienestar, te ofrecemos una experiencia c\u00f3moda y segura durante todo el proceso. Descubre los beneficios de las extirpaciones con l\u00e1ser y desp\u00eddete de las lesiones cut\u00e1neas no deseadas, obteniendo una piel m\u00e1s limpia, suave y sin imperfecciones.<\/p>\n","protected":false},"excerpt":{"rendered":"<p>Elimina de forma segura y precisa lesiones cut\u00e1neas con nuestro servicio de extirpaciones con l\u00e1ser. Nuestro l\u00e1ser de \u00faltima generaci\u00f3n es la herramienta ideal para eliminar lesiones benignas como verrugas, lunares, y queratosis sin necesidad de cirug\u00eda invasiva. El l\u00e1ser act\u00faa con precisi\u00f3n, evaporando la lesi\u00f3n capa a capa, y dejando una piel sana y &#8230; <\/p>\n<p class=\"read-more-container\"><a title=\"EXTIRPACION LESIONES CON LASER\" class=\"read-more button\" href=\"https:\/\/cintiacarreras.com\/index.php\/product\/extirpacion-lesiones-con-laser\/#more-19371\" aria-label=\"Read more about EXTIRPACION LESIONES CON LASER\">Leer m\u00e1s<\/a><\/p>\n","protected":false},"featured_media":19389,"comment_status":"open","ping_status":"closed","template":"","meta":[],"product_cat":[19],"product_tag":[30],"class_list":{"0":"post-19371","1":"product","2":"type-product","3":"status-publish","4":"has-post-thumbnail","6":"product_cat-laser","7":"product_tag-cirujia","8":"sales-flash-overlay","9":"woocommerce-text-align-center","10":"woocommerce-image-align-center","11":"do-quantity-buttons","13":"first","14":"instock","15":"shipping-taxable","16":"product-type-simple"},"yoast_head":"<!-- This site is optimized with the Yoast SEO plugin v23.4 - https:\/\/yoast.com\/wordpress\/plugins\/seo\/ -->\n<title>EXTIRPACION LESIONES CON LASER - cintiacarreras.com<\/title>\n<meta name=\"robots\" content=\"index, follow, max-snippet:-1, max-image-preview:large, max-video-preview:-1\" \/>\n<link rel=\"canonical\" href=\"https:\/\/cintiacarreras.com\/index.php\/product\/extirpacion-lesiones-con-laser\/\" \/>\n<meta property=\"og:locale\" content=\"en_US\" \/>\n<meta property=\"og:type\" content=\"article\" \/>\n<meta property=\"og:title\" content=\"EXTIRPACION LESIONES CON LASER - cintiacarreras.com\" \/>\n<meta property=\"og:description\" content=\"Elimina de forma segura y precisa lesiones cut\u00e1neas con nuestro servicio de extirpaciones con l\u00e1ser. Nuestro l\u00e1ser de \u00faltima generaci\u00f3n es la herramienta ideal para eliminar lesiones benignas como verrugas, lunares, y queratosis sin necesidad de cirug\u00eda invasiva. El l\u00e1ser act\u00faa con precisi\u00f3n, evaporando la lesi\u00f3n capa a capa, y dejando una piel sana y ... Leer m\u00e1s\" \/>\n<meta property=\"og:url\" content=\"https:\/\/cintiacarreras.com\/index.php\/product\/extirpacion-lesiones-con-laser\/\" \/>\n<meta property=\"og:site_name\" content=\"cintiacarreras.com\" \/>\n<meta property=\"article:modified_time\" content=\"2026-03-07T08:07:03+00:00\" \/>\n<meta property=\"og:image\" content=\"https:\/\/cintiacarreras.com\/wp-content\/uploads\/2023\/07\/EXTIRPACIONES-LASER.png\" \/>\n\t<meta property=\"og:image:width\" content=\"1080\" \/>\n\t<meta property=\"og:image:height\" content=\"1080\" \/>\n\t<meta property=\"og:image:type\" content=\"image\/png\" \/>\n<meta name=\"twitter:card\" content=\"summary_large_image\" \/>\n<meta name=\"twitter:label1\" content=\"Est. reading time\" \/>\n\t<meta name=\"twitter:data1\" content=\"1 minute\" \/>\n<script type=\"application\/ld+json\" class=\"yoast-schema-graph\">{\"@context\":\"https:\/\/schema.org\",\"@graph\":[{\"@type\":\"WebPage\",\"@id\":\"https:\/\/cintiacarreras.com\/index.php\/product\/extirpacion-lesiones-con-laser\/\",\"url\":\"https:\/\/cintiacarreras.com\/index.php\/product\/extirpacion-lesiones-con-laser\/\",\"name\":\"EXTIRPACION LESIONES CON LASER - cintiacarreras.com\",\"isPartOf\":{\"@id\":\"https:\/\/cintiacarreras.com\/#website\"},\"primaryImageOfPage\":{\"@id\":\"https:\/\/cintiacarreras.com\/index.php\/product\/extirpacion-lesiones-con-laser\/#primaryimage\"},\"image\":{\"@id\":\"https:\/\/cintiacarreras.com\/index.php\/product\/extirpacion-lesiones-con-laser\/#primaryimage\"},\"thumbnailUrl\":\"https:\/\/cintiacarreras.com\/wp-content\/uploads\/2023\/07\/EXTIRPACIONES-LASER.png\",\"datePublished\":\"2023-07-25T20:38:16+00:00\",\"dateModified\":\"2026-03-07T08:07:03+00:00\",\"breadcrumb\":{\"@id\":\"https:\/\/cintiacarreras.com\/index.php\/product\/extirpacion-lesiones-con-laser\/#breadcrumb\"},\"inLanguage\":\"en-US\",\"potentialAction\":[{\"@type\":\"ReadAction\",\"target\":[\"https:\/\/cintiacarreras.com\/index.php\/product\/extirpacion-lesiones-con-laser\/\"]}]},{\"@type\":\"ImageObject\",\"inLanguage\":\"en-US\",\"@id\":\"https:\/\/cintiacarreras.com\/index.php\/product\/extirpacion-lesiones-con-laser\/#primaryimage\",\"url\":\"https:\/\/cintiacarreras.com\/wp-content\/uploads\/2023\/07\/EXTIRPACIONES-LASER.png\",\"contentUrl\":\"https:\/\/cintiacarreras.com\/wp-content\/uploads\/2023\/07\/EXTIRPACIONES-LASER.png\",\"width\":1080,\"height\":1080,\"caption\":\"Imagen decorativa del tratamiento\"},{\"@type\":\"BreadcrumbList\",\"@id\":\"https:\/\/cintiacarreras.com\/index.php\/product\/extirpacion-lesiones-con-laser\/#breadcrumb\",\"itemListElement\":[{\"@type\":\"ListItem\",\"position\":1,\"name\":\"Inicio\",\"item\":\"https:\/\/cintiacarreras.com\/\"},{\"@type\":\"ListItem\",\"position\":2,\"name\":\"Servicios\",\"item\":\"https:\/\/cintiacarreras.com\/index.php\/shop\/\"},{\"@type\":\"ListItem\",\"position\":3,\"name\":\"EXTIRPACION LESIONES CON LASER\"}]},{\"@type\":\"WebSite\",\"@id\":\"https:\/\/cintiacarreras.com\/#website\",\"url\":\"https:\/\/cintiacarreras.com\/\",\"name\":\"cintiacarreras.com\",\"description\":\"Dra Cintia Carreras- Especialista en Dermatolog\u00eda, medicina estetica y l\u00e1ser.\",\"publisher\":{\"@id\":\"https:\/\/cintiacarreras.com\/#organization\"},\"potentialAction\":[{\"@type\":\"SearchAction\",\"target\":{\"@type\":\"EntryPoint\",\"urlTemplate\":\"https:\/\/cintiacarreras.com\/?s={search_term_string}\"},\"query-input\":{\"@type\":\"PropertyValueSpecification\",\"valueRequired\":true,\"valueName\":\"search_term_string\"}}],\"inLanguage\":\"en-US\"},{\"@type\":\"Organization\",\"@id\":\"https:\/\/cintiacarreras.com\/#organization\",\"name\":\"cintiacarreras.com\",\"url\":\"https:\/\/cintiacarreras.com\/\",\"logo\":{\"@type\":\"ImageObject\",\"inLanguage\":\"en-US\",\"@id\":\"https:\/\/cintiacarreras.com\/#\/schema\/logo\/image\/\",\"url\":\"https:\/\/cintiacarreras.com\/wp-content\/uploads\/2023\/05\/cropped-logo-reverso-cintia-carreras.png\",\"contentUrl\":\"https:\/\/cintiacarreras.com\/wp-content\/uploads\/2023\/05\/cropped-logo-reverso-cintia-carreras.png\",\"width\":510,\"height\":510,\"caption\":\"cintiacarreras.com\"},\"image\":{\"@id\":\"https:\/\/cintiacarreras.com\/#\/schema\/logo\/image\/\"}}]}<\/script>\n<!-- \/ Yoast SEO plugin. -->","yoast_head_json":{"title":"EXTIRPACION LESIONES CON LASER - cintiacarreras.com","robots":{"index":"index","follow":"follow","max-snippet":"max-snippet:-1","max-image-preview":"max-image-preview:large","max-video-preview":"max-video-preview:-1"},"canonical":"https:\/\/cintiacarreras.com\/index.php\/product\/extirpacion-lesiones-con-laser\/","og_locale":"en_US","og_type":"article","og_title":"EXTIRPACION LESIONES CON LASER - cintiacarreras.com","og_description":"Elimina de forma segura y precisa lesiones cut\u00e1neas con nuestro servicio de extirpaciones con l\u00e1ser. Nuestro l\u00e1ser de \u00faltima generaci\u00f3n es la herramienta ideal para eliminar lesiones benignas como verrugas, lunares, y queratosis sin necesidad de cirug\u00eda invasiva. El l\u00e1ser act\u00faa con precisi\u00f3n, evaporando la lesi\u00f3n capa a capa, y dejando una piel sana y ... Leer m\u00e1s","og_url":"https:\/\/cintiacarreras.com\/index.php\/product\/extirpacion-lesiones-con-laser\/","og_site_name":"cintiacarreras.com","article_modified_time":"2026-03-07T08:07:03+00:00","og_image":[{"width":1080,"height":1080,"url":"https:\/\/cintiacarreras.com\/wp-content\/uploads\/2023\/07\/EXTIRPACIONES-LASER.png","type":"image\/png"}],"twitter_card":"summary_large_image","twitter_misc":{"Est. reading time":"1 minute"},"schema":{"@context":"https:\/\/schema.org","@graph":[{"@type":"WebPage","@id":"https:\/\/cintiacarreras.com\/index.php\/product\/extirpacion-lesiones-con-laser\/","url":"https:\/\/cintiacarreras.com\/index.php\/product\/extirpacion-lesiones-con-laser\/","name":"EXTIRPACION LESIONES CON LASER - cintiacarreras.com","isPartOf":{"@id":"https:\/\/cintiacarreras.com\/#website"},"primaryImageOfPage":{"@id":"https:\/\/cintiacarreras.com\/index.php\/product\/extirpacion-lesiones-con-laser\/#primaryimage"},"image":{"@id":"https:\/\/cintiacarreras.com\/index.php\/product\/extirpacion-lesiones-con-laser\/#primaryimage"},"thumbnailUrl":"https:\/\/cintiacarreras.com\/wp-content\/uploads\/2023\/07\/EXTIRPACIONES-LASER.png","datePublished":"2023-07-25T20:38:16+00:00","dateModified":"2026-03-07T08:07:03+00:00","breadcrumb":{"@id":"https:\/\/cintiacarreras.com\/index.php\/product\/extirpacion-lesiones-con-laser\/#breadcrumb"},"inLanguage":"en-US","potentialAction":[{"@type":"ReadAction","target":["https:\/\/cintiacarreras.com\/index.php\/product\/extirpacion-lesiones-con-laser\/"]}]},{"@type":"ImageObject","inLanguage":"en-US","@id":"https:\/\/cintiacarreras.com\/index.php\/product\/extirpacion-lesiones-con-laser\/#primaryimage","url":"https:\/\/cintiacarreras.com\/wp-content\/uploads\/2023\/07\/EXTIRPACIONES-LASER.png","contentUrl":"https:\/\/cintiacarreras.com\/wp-content\/uploads\/2023\/07\/EXTIRPACIONES-LASER.png","width":1080,"height":1080,"caption":"Imagen decorativa del tratamiento"},{"@type":"BreadcrumbList","@id":"https:\/\/cintiacarreras.com\/index.php\/product\/extirpacion-lesiones-con-laser\/#breadcrumb","itemListElement":[{"@type":"ListItem","position":1,"name":"Inicio","item":"https:\/\/cintiacarreras.com\/"},{"@type":"ListItem","position":2,"name":"Servicios","item":"https:\/\/cintiacarreras.com\/index.php\/shop\/"},{"@type":"ListItem","position":3,"name":"EXTIRPACION LESIONES CON LASER"}]},{"@type":"WebSite","@id":"https:\/\/cintiacarreras.com\/#website","url":"https:\/\/cintiacarreras.com\/","name":"cintiacarreras.com","description":"Dra Cintia Carreras- Especialista en Dermatolog\u00eda, medicina estetica y l\u00e1ser.","publisher":{"@id":"https:\/\/cintiacarreras.com\/#organization"},"potentialAction":[{"@type":"SearchAction","target":{"@type":"EntryPoint","urlTemplate":"https:\/\/cintiacarreras.com\/?s={search_term_string}"},"query-input":{"@type":"PropertyValueSpecification","valueRequired":true,"valueName":"search_term_string"}}],"inLanguage":"en-US"},{"@type":"Organization","@id":"https:\/\/cintiacarreras.com\/#organization","name":"cintiacarreras.com","url":"https:\/\/cintiacarreras.com\/","logo":{"@type":"ImageObject","inLanguage":"en-US","@id":"https:\/\/cintiacarreras.com\/#\/schema\/logo\/image\/","url":"https:\/\/cintiacarreras.com\/wp-content\/uploads\/2023\/05\/cropped-logo-reverso-cintia-carreras.png","contentUrl":"https:\/\/cintiacarreras.com\/wp-content\/uploads\/2023\/05\/cropped-logo-reverso-cintia-carreras.png","width":510,"height":510,"caption":"cintiacarreras.com"},"image":{"@id":"https:\/\/cintiacarreras.com\/#\/schema\/logo\/image\/"}}]}},"_links":{"self":[{"href":"https:\/\/cintiacarreras.com\/index.php\/wp-json\/wp\/v2\/product\/19371","targetHints":{"allow":["GET"]}}],"collection":[{"href":"https:\/\/cintiacarreras.com\/index.php\/wp-json\/wp\/v2\/product"}],"about":[{"href":"https:\/\/cintiacarreras.com\/index.php\/wp-json\/wp\/v2\/types\/product"}],"replies":[{"embeddable":true,"href":"https:\/\/cintiacarreras.com\/index.php\/wp-json\/wp\/v2\/comments?post=19371"}],"wp:featuredmedia":[{"embeddable":true,"href":"https:\/\/cintiacarreras.com\/index.php\/wp-json\/wp\/v2\/media\/19389"}],"wp:attachment":[{"href":"https:\/\/cintiacarreras.com\/index.php\/wp-json\/wp\/v2\/media?parent=19371"}],"wp:term":[{"taxonomy":"product_cat","embeddable":true,"href":"https:\/\/cintiacarreras.com\/index.php\/wp-json\/wp\/v2\/product_cat?post=19371"},{"taxonomy":"product_tag","embeddable":true,"href":"https:\/\/cintiacarreras.com\/index.php\/wp-json\/wp\/v2\/product_tag?post=19371"}],"curies":[{"name":"wp","href":"https:\/\/api.w.org\/{rel}","templated":true}]}}