{"id":19367,"date":"2023-07-25T17:34:04","date_gmt":"2023-07-25T20:34:04","guid":{"rendered":"https:\/\/cintiacarreras.com\/?post_type=product&#038;p=19367"},"modified":"2023-07-27T10:40:06","modified_gmt":"2023-07-27T13:40:06","slug":"rinomodelacion","status":"publish","type":"product","link":"https:\/\/cintiacarreras.com\/index.php\/product\/rinomodelacion\/","title":{"rendered":"RINOMODELACI\u00d3N"},"content":{"rendered":"<p>Consigue la armon\u00eda facial que siempre has deseado. La rinomodelaci\u00f3n es una t\u00e9cnica no quir\u00fargica que utiliza rellenos d\u00e9rmicos, como el \u00e1cido hialur\u00f3nico, para corregir y mejorar la forma de la nariz. Los rellenos se aplican con precisi\u00f3n, permitiendo ajustar la altura, proyecci\u00f3n y simetr\u00eda de la nariz de manera personalizada. Este procedimiento seguro y efectivo es ideal para disimular imperfecciones, como el dorso nasal hundido, la punta ca\u00edda o irregularidades en el perfil. Con la rinomodelaci\u00f3n, podr\u00e1s lograr resultados naturales y armoniosos sin cirug\u00eda ni tiempo de recuperaci\u00f3n prolongado. Nuestro enfoque profesional y cuidadoso garantiza una experiencia c\u00f3moda y resultados satisfactorios. Descubre los beneficios de la rinomodelaci\u00f3n y mejora tu confianza con una nariz m\u00e1s equilibrada y est\u00e9tica, que realce la belleza \u00fanica de tu rostro.<\/p>\n","protected":false},"excerpt":{"rendered":"<p>Consigue la armon\u00eda facial que siempre has deseado. La rinomodelaci\u00f3n es una t\u00e9cnica no quir\u00fargica que utiliza rellenos d\u00e9rmicos, como el \u00e1cido hialur\u00f3nico, para corregir y mejorar la forma de la nariz. Los rellenos se aplican con precisi\u00f3n, permitiendo ajustar la altura, proyecci\u00f3n y simetr\u00eda de la nariz de manera personalizada. Este procedimiento seguro y &#8230; <\/p>\n<p class=\"read-more-container\"><a title=\"RINOMODELACI\u00d3N\" class=\"read-more button\" href=\"https:\/\/cintiacarreras.com\/index.php\/product\/rinomodelacion\/#more-19367\" aria-label=\"Read more about RINOMODELACI\u00d3N\">Leer m\u00e1s<\/a><\/p>\n","protected":false},"featured_media":19401,"comment_status":"open","ping_status":"closed","template":"","meta":[],"product_cat":[21],"product_tag":[32],"class_list":{"0":"post-19367","1":"product","2":"type-product","3":"status-publish","4":"has-post-thumbnail","6":"product_cat-inyectables","7":"product_tag-nariz","8":"sales-flash-overlay","9":"woocommerce-text-align-center","10":"woocommerce-image-align-center","11":"do-quantity-buttons","13":"first","14":"instock","15":"shipping-taxable","16":"product-type-simple"},"yoast_head":"<!-- This site is optimized with the Yoast SEO plugin v23.4 - https:\/\/yoast.com\/wordpress\/plugins\/seo\/ -->\n<title>RINOMODELACI\u00d3N - cintiacarreras.com<\/title>\n<meta name=\"robots\" content=\"index, follow, max-snippet:-1, max-image-preview:large, max-video-preview:-1\" \/>\n<link rel=\"canonical\" href=\"https:\/\/cintiacarreras.com\/index.php\/product\/rinomodelacion\/\" \/>\n<meta property=\"og:locale\" content=\"en_US\" \/>\n<meta property=\"og:type\" content=\"article\" \/>\n<meta property=\"og:title\" content=\"RINOMODELACI\u00d3N - cintiacarreras.com\" \/>\n<meta property=\"og:description\" content=\"Consigue la armon\u00eda facial que siempre has deseado. La rinomodelaci\u00f3n es una t\u00e9cnica no quir\u00fargica que utiliza rellenos d\u00e9rmicos, como el \u00e1cido hialur\u00f3nico, para corregir y mejorar la forma de la nariz. Los rellenos se aplican con precisi\u00f3n, permitiendo ajustar la altura, proyecci\u00f3n y simetr\u00eda de la nariz de manera personalizada. Este procedimiento seguro y ... Leer m\u00e1s\" \/>\n<meta property=\"og:url\" content=\"https:\/\/cintiacarreras.com\/index.php\/product\/rinomodelacion\/\" \/>\n<meta property=\"og:site_name\" content=\"cintiacarreras.com\" \/>\n<meta property=\"article:modified_time\" content=\"2023-07-27T13:40:06+00:00\" \/>\n<meta property=\"og:image\" content=\"https:\/\/cintiacarreras.com\/wp-content\/uploads\/2023\/07\/RINOMODELACION.png\" \/>\n\t<meta property=\"og:image:width\" content=\"1080\" \/>\n\t<meta property=\"og:image:height\" content=\"1080\" \/>\n\t<meta property=\"og:image:type\" content=\"image\/png\" \/>\n<meta name=\"twitter:card\" content=\"summary_large_image\" \/>\n<meta name=\"twitter:label1\" content=\"Est. reading time\" \/>\n\t<meta name=\"twitter:data1\" content=\"1 minute\" \/>\n<script type=\"application\/ld+json\" class=\"yoast-schema-graph\">{\"@context\":\"https:\/\/schema.org\",\"@graph\":[{\"@type\":\"WebPage\",\"@id\":\"https:\/\/cintiacarreras.com\/index.php\/product\/rinomodelacion\/\",\"url\":\"https:\/\/cintiacarreras.com\/index.php\/product\/rinomodelacion\/\",\"name\":\"RINOMODELACI\u00d3N - cintiacarreras.com\",\"isPartOf\":{\"@id\":\"https:\/\/cintiacarreras.com\/#website\"},\"primaryImageOfPage\":{\"@id\":\"https:\/\/cintiacarreras.com\/index.php\/product\/rinomodelacion\/#primaryimage\"},\"image\":{\"@id\":\"https:\/\/cintiacarreras.com\/index.php\/product\/rinomodelacion\/#primaryimage\"},\"thumbnailUrl\":\"https:\/\/cintiacarreras.com\/wp-content\/uploads\/2023\/07\/RINOMODELACION.png\",\"datePublished\":\"2023-07-25T20:34:04+00:00\",\"dateModified\":\"2023-07-27T13:40:06+00:00\",\"breadcrumb\":{\"@id\":\"https:\/\/cintiacarreras.com\/index.php\/product\/rinomodelacion\/#breadcrumb\"},\"inLanguage\":\"en-US\",\"potentialAction\":[{\"@type\":\"ReadAction\",\"target\":[\"https:\/\/cintiacarreras.com\/index.php\/product\/rinomodelacion\/\"]}]},{\"@type\":\"ImageObject\",\"inLanguage\":\"en-US\",\"@id\":\"https:\/\/cintiacarreras.com\/index.php\/product\/rinomodelacion\/#primaryimage\",\"url\":\"https:\/\/cintiacarreras.com\/wp-content\/uploads\/2023\/07\/RINOMODELACION.png\",\"contentUrl\":\"https:\/\/cintiacarreras.com\/wp-content\/uploads\/2023\/07\/RINOMODELACION.png\",\"width\":1080,\"height\":1080,\"caption\":\"imagen decorativa del tratamiento\"},{\"@type\":\"BreadcrumbList\",\"@id\":\"https:\/\/cintiacarreras.com\/index.php\/product\/rinomodelacion\/#breadcrumb\",\"itemListElement\":[{\"@type\":\"ListItem\",\"position\":1,\"name\":\"Inicio\",\"item\":\"https:\/\/cintiacarreras.com\/\"},{\"@type\":\"ListItem\",\"position\":2,\"name\":\"Servicios\",\"item\":\"https:\/\/cintiacarreras.com\/index.php\/shop\/\"},{\"@type\":\"ListItem\",\"position\":3,\"name\":\"RINOMODELACI\u00d3N\"}]},{\"@type\":\"WebSite\",\"@id\":\"https:\/\/cintiacarreras.com\/#website\",\"url\":\"https:\/\/cintiacarreras.com\/\",\"name\":\"cintiacarreras.com\",\"description\":\"Dra Cintia Carreras- Especialista en Dermatolog\u00eda, medicina estetica y l\u00e1ser.\",\"publisher\":{\"@id\":\"https:\/\/cintiacarreras.com\/#organization\"},\"potentialAction\":[{\"@type\":\"SearchAction\",\"target\":{\"@type\":\"EntryPoint\",\"urlTemplate\":\"https:\/\/cintiacarreras.com\/?s={search_term_string}\"},\"query-input\":{\"@type\":\"PropertyValueSpecification\",\"valueRequired\":true,\"valueName\":\"search_term_string\"}}],\"inLanguage\":\"en-US\"},{\"@type\":\"Organization\",\"@id\":\"https:\/\/cintiacarreras.com\/#organization\",\"name\":\"cintiacarreras.com\",\"url\":\"https:\/\/cintiacarreras.com\/\",\"logo\":{\"@type\":\"ImageObject\",\"inLanguage\":\"en-US\",\"@id\":\"https:\/\/cintiacarreras.com\/#\/schema\/logo\/image\/\",\"url\":\"https:\/\/cintiacarreras.com\/wp-content\/uploads\/2023\/05\/cropped-logo-reverso-cintia-carreras.png\",\"contentUrl\":\"https:\/\/cintiacarreras.com\/wp-content\/uploads\/2023\/05\/cropped-logo-reverso-cintia-carreras.png\",\"width\":510,\"height\":510,\"caption\":\"cintiacarreras.com\"},\"image\":{\"@id\":\"https:\/\/cintiacarreras.com\/#\/schema\/logo\/image\/\"}}]}<\/script>\n<!-- \/ Yoast SEO plugin. -->","yoast_head_json":{"title":"RINOMODELACI\u00d3N - cintiacarreras.com","robots":{"index":"index","follow":"follow","max-snippet":"max-snippet:-1","max-image-preview":"max-image-preview:large","max-video-preview":"max-video-preview:-1"},"canonical":"https:\/\/cintiacarreras.com\/index.php\/product\/rinomodelacion\/","og_locale":"en_US","og_type":"article","og_title":"RINOMODELACI\u00d3N - cintiacarreras.com","og_description":"Consigue la armon\u00eda facial que siempre has deseado. La rinomodelaci\u00f3n es una t\u00e9cnica no quir\u00fargica que utiliza rellenos d\u00e9rmicos, como el \u00e1cido hialur\u00f3nico, para corregir y mejorar la forma de la nariz. Los rellenos se aplican con precisi\u00f3n, permitiendo ajustar la altura, proyecci\u00f3n y simetr\u00eda de la nariz de manera personalizada. Este procedimiento seguro y ... Leer m\u00e1s","og_url":"https:\/\/cintiacarreras.com\/index.php\/product\/rinomodelacion\/","og_site_name":"cintiacarreras.com","article_modified_time":"2023-07-27T13:40:06+00:00","og_image":[{"width":1080,"height":1080,"url":"https:\/\/cintiacarreras.com\/wp-content\/uploads\/2023\/07\/RINOMODELACION.png","type":"image\/png"}],"twitter_card":"summary_large_image","twitter_misc":{"Est. reading time":"1 minute"},"schema":{"@context":"https:\/\/schema.org","@graph":[{"@type":"WebPage","@id":"https:\/\/cintiacarreras.com\/index.php\/product\/rinomodelacion\/","url":"https:\/\/cintiacarreras.com\/index.php\/product\/rinomodelacion\/","name":"RINOMODELACI\u00d3N - cintiacarreras.com","isPartOf":{"@id":"https:\/\/cintiacarreras.com\/#website"},"primaryImageOfPage":{"@id":"https:\/\/cintiacarreras.com\/index.php\/product\/rinomodelacion\/#primaryimage"},"image":{"@id":"https:\/\/cintiacarreras.com\/index.php\/product\/rinomodelacion\/#primaryimage"},"thumbnailUrl":"https:\/\/cintiacarreras.com\/wp-content\/uploads\/2023\/07\/RINOMODELACION.png","datePublished":"2023-07-25T20:34:04+00:00","dateModified":"2023-07-27T13:40:06+00:00","breadcrumb":{"@id":"https:\/\/cintiacarreras.com\/index.php\/product\/rinomodelacion\/#breadcrumb"},"inLanguage":"en-US","potentialAction":[{"@type":"ReadAction","target":["https:\/\/cintiacarreras.com\/index.php\/product\/rinomodelacion\/"]}]},{"@type":"ImageObject","inLanguage":"en-US","@id":"https:\/\/cintiacarreras.com\/index.php\/product\/rinomodelacion\/#primaryimage","url":"https:\/\/cintiacarreras.com\/wp-content\/uploads\/2023\/07\/RINOMODELACION.png","contentUrl":"https:\/\/cintiacarreras.com\/wp-content\/uploads\/2023\/07\/RINOMODELACION.png","width":1080,"height":1080,"caption":"imagen decorativa del tratamiento"},{"@type":"BreadcrumbList","@id":"https:\/\/cintiacarreras.com\/index.php\/product\/rinomodelacion\/#breadcrumb","itemListElement":[{"@type":"ListItem","position":1,"name":"Inicio","item":"https:\/\/cintiacarreras.com\/"},{"@type":"ListItem","position":2,"name":"Servicios","item":"https:\/\/cintiacarreras.com\/index.php\/shop\/"},{"@type":"ListItem","position":3,"name":"RINOMODELACI\u00d3N"}]},{"@type":"WebSite","@id":"https:\/\/cintiacarreras.com\/#website","url":"https:\/\/cintiacarreras.com\/","name":"cintiacarreras.com","description":"Dra Cintia Carreras- Especialista en Dermatolog\u00eda, medicina estetica y l\u00e1ser.","publisher":{"@id":"https:\/\/cintiacarreras.com\/#organization"},"potentialAction":[{"@type":"SearchAction","target":{"@type":"EntryPoint","urlTemplate":"https:\/\/cintiacarreras.com\/?s={search_term_string}"},"query-input":{"@type":"PropertyValueSpecification","valueRequired":true,"valueName":"search_term_string"}}],"inLanguage":"en-US"},{"@type":"Organization","@id":"https:\/\/cintiacarreras.com\/#organization","name":"cintiacarreras.com","url":"https:\/\/cintiacarreras.com\/","logo":{"@type":"ImageObject","inLanguage":"en-US","@id":"https:\/\/cintiacarreras.com\/#\/schema\/logo\/image\/","url":"https:\/\/cintiacarreras.com\/wp-content\/uploads\/2023\/05\/cropped-logo-reverso-cintia-carreras.png","contentUrl":"https:\/\/cintiacarreras.com\/wp-content\/uploads\/2023\/05\/cropped-logo-reverso-cintia-carreras.png","width":510,"height":510,"caption":"cintiacarreras.com"},"image":{"@id":"https:\/\/cintiacarreras.com\/#\/schema\/logo\/image\/"}}]}},"_links":{"self":[{"href":"https:\/\/cintiacarreras.com\/index.php\/wp-json\/wp\/v2\/product\/19367","targetHints":{"allow":["GET"]}}],"collection":[{"href":"https:\/\/cintiacarreras.com\/index.php\/wp-json\/wp\/v2\/product"}],"about":[{"href":"https:\/\/cintiacarreras.com\/index.php\/wp-json\/wp\/v2\/types\/product"}],"replies":[{"embeddable":true,"href":"https:\/\/cintiacarreras.com\/index.php\/wp-json\/wp\/v2\/comments?post=19367"}],"wp:featuredmedia":[{"embeddable":true,"href":"https:\/\/cintiacarreras.com\/index.php\/wp-json\/wp\/v2\/media\/19401"}],"wp:attachment":[{"href":"https:\/\/cintiacarreras.com\/index.php\/wp-json\/wp\/v2\/media?parent=19367"}],"wp:term":[{"taxonomy":"product_cat","embeddable":true,"href":"https:\/\/cintiacarreras.com\/index.php\/wp-json\/wp\/v2\/product_cat?post=19367"},{"taxonomy":"product_tag","embeddable":true,"href":"https:\/\/cintiacarreras.com\/index.php\/wp-json\/wp\/v2\/product_tag?post=19367"}],"curies":[{"name":"wp","href":"https:\/\/api.w.org\/{rel}","templated":true}]}}