{"id":19360,"date":"2023-07-25T17:24:23","date_gmt":"2023-07-25T20:24:23","guid":{"rendered":"https:\/\/cintiacarreras.com\/?post_type=product&#038;p=19360"},"modified":"2023-07-27T10:42:26","modified_gmt":"2023-07-27T13:42:26","slug":"mesoterapia-adiposidad-localizada","status":"publish","type":"product","link":"https:\/\/cintiacarreras.com\/index.php\/product\/mesoterapia-adiposidad-localizada\/","title":{"rendered":"MESOTERAPIA: ADIPOSIDAD LOCALIZADA"},"content":{"rendered":"<div class=\"group w-full text-gray-800 dark:text-gray-100 border-b border-black\/10 dark:border-gray-900\/50 bg-gray-50 dark:bg-[#444654] sm:AIPRM__conversation__response\">\n<div class=\"flex p-4 gap-4 text-base md:gap-6 md:max-w-2xl lg:max-w-[38rem] xl:max-w-3xl md:py-6 lg:px-0 m-auto relative\">\n<div class=\"relative flex w-[calc(100%-50px)] flex-col gap-1 md:gap-3 lg:w-[calc(100%-115px)]\">\n<div class=\"flex flex-grow flex-col gap-3\">\n<div class=\"min-h-[20px] flex items-start overflow-x-auto whitespace-pre-wrap break-words flex-col gap-4\">\n<div class=\"markdown prose w-full break-words dark:prose-invert light AIPRM__conversation__response\">\n<p>Logra la figura que siempre has deseado con nuestro servicio\u00a0 para adiposidad localizada. La mesoterapia es un tratamiento altamente efectivo que se enfoca en disminuir la grasa acumulada en \u00e1reas espec\u00edficas del cuerpo, como abdomen, caderas, muslos o brazos. Mediante inyecciones precisas de sustancias lipol\u00edticas y reafirmantes, se logra eliminar gradualmente el exceso de grasa y mejorar la apariencia de la piel. Esta t\u00e9cnica no invasiva estimula la circulaci\u00f3n sangu\u00ednea y el metabolismo local, ayudando a reducir cent\u00edmetros y mejorar la firmeza de la piel. Nuestro enfoque personalizado asegura que cada tratamiento se adapte a tus necesidades espec\u00edficas, brind\u00e1ndote resultados notables y una silueta m\u00e1s estilizada y armoniosa. Descubre los beneficios de la mesoterapia para adiposidad localizada y disfruta de un cuerpo m\u00e1s esculpido y contorneado.<\/p>\n<\/div>\n<\/div>\n<\/div>\n<div class=\"flex justify-between lg:block\"><\/div>\n<\/div>\n<div class=\"absolute top-0 right-0\"><\/div>\n<\/div>\n<\/div>\n","protected":false},"excerpt":{"rendered":"<p>Logra la figura que siempre has deseado con nuestro servicio\u00a0 para adiposidad localizada. La mesoterapia es un tratamiento altamente efectivo que se enfoca en disminuir la grasa acumulada en \u00e1reas espec\u00edficas del cuerpo, como abdomen, caderas, muslos o brazos. Mediante inyecciones precisas de sustancias lipol\u00edticas y reafirmantes, se logra eliminar gradualmente el exceso de grasa &#8230; <\/p>\n<p class=\"read-more-container\"><a title=\"MESOTERAPIA: ADIPOSIDAD LOCALIZADA\" class=\"read-more button\" href=\"https:\/\/cintiacarreras.com\/index.php\/product\/mesoterapia-adiposidad-localizada\/#more-19360\" aria-label=\"Read more about MESOTERAPIA: ADIPOSIDAD LOCALIZADA\">Leer m\u00e1s<\/a><\/p>\n","protected":false},"featured_media":19396,"comment_status":"open","ping_status":"closed","template":"","meta":[],"product_cat":[21],"product_tag":[48,47,46,45],"class_list":{"0":"post-19360","1":"product","2":"type-product","3":"status-publish","4":"has-post-thumbnail","6":"product_cat-inyectables","7":"product_tag-adelgazar","8":"product_tag-cuello","9":"product_tag-flancos","10":"product_tag-piernas","11":"sales-flash-overlay","12":"woocommerce-text-align-center","13":"woocommerce-image-align-center","14":"do-quantity-buttons","16":"first","17":"instock","18":"shipping-taxable","19":"product-type-simple"},"yoast_head":"<!-- This site is optimized with the Yoast SEO plugin v23.4 - https:\/\/yoast.com\/wordpress\/plugins\/seo\/ -->\n<title>MESOTERAPIA: ADIPOSIDAD LOCALIZADA - cintiacarreras.com<\/title>\n<meta name=\"robots\" content=\"index, follow, max-snippet:-1, max-image-preview:large, max-video-preview:-1\" \/>\n<link rel=\"canonical\" href=\"https:\/\/cintiacarreras.com\/index.php\/product\/mesoterapia-adiposidad-localizada\/\" \/>\n<meta property=\"og:locale\" content=\"en_US\" \/>\n<meta property=\"og:type\" content=\"article\" \/>\n<meta property=\"og:title\" content=\"MESOTERAPIA: ADIPOSIDAD LOCALIZADA - cintiacarreras.com\" \/>\n<meta property=\"og:description\" content=\"Logra la figura que siempre has deseado con nuestro servicio\u00a0 para adiposidad localizada. La mesoterapia es un tratamiento altamente efectivo que se enfoca en disminuir la grasa acumulada en \u00e1reas espec\u00edficas del cuerpo, como abdomen, caderas, muslos o brazos. Mediante inyecciones precisas de sustancias lipol\u00edticas y reafirmantes, se logra eliminar gradualmente el exceso de grasa ... Leer m\u00e1s\" \/>\n<meta property=\"og:url\" content=\"https:\/\/cintiacarreras.com\/index.php\/product\/mesoterapia-adiposidad-localizada\/\" \/>\n<meta property=\"og:site_name\" content=\"cintiacarreras.com\" \/>\n<meta property=\"article:modified_time\" content=\"2023-07-27T13:42:26+00:00\" \/>\n<meta property=\"og:image\" content=\"https:\/\/cintiacarreras.com\/wp-content\/uploads\/2023\/07\/MESOTERAPIA-CORPORAL.png\" \/>\n\t<meta property=\"og:image:width\" content=\"1080\" \/>\n\t<meta property=\"og:image:height\" content=\"1080\" \/>\n\t<meta property=\"og:image:type\" content=\"image\/png\" \/>\n<meta name=\"twitter:card\" content=\"summary_large_image\" \/>\n<meta name=\"twitter:label1\" content=\"Est. reading time\" \/>\n\t<meta name=\"twitter:data1\" content=\"1 minute\" \/>\n<script type=\"application\/ld+json\" class=\"yoast-schema-graph\">{\"@context\":\"https:\/\/schema.org\",\"@graph\":[{\"@type\":\"WebPage\",\"@id\":\"https:\/\/cintiacarreras.com\/index.php\/product\/mesoterapia-adiposidad-localizada\/\",\"url\":\"https:\/\/cintiacarreras.com\/index.php\/product\/mesoterapia-adiposidad-localizada\/\",\"name\":\"MESOTERAPIA: ADIPOSIDAD LOCALIZADA - cintiacarreras.com\",\"isPartOf\":{\"@id\":\"https:\/\/cintiacarreras.com\/#website\"},\"primaryImageOfPage\":{\"@id\":\"https:\/\/cintiacarreras.com\/index.php\/product\/mesoterapia-adiposidad-localizada\/#primaryimage\"},\"image\":{\"@id\":\"https:\/\/cintiacarreras.com\/index.php\/product\/mesoterapia-adiposidad-localizada\/#primaryimage\"},\"thumbnailUrl\":\"https:\/\/cintiacarreras.com\/wp-content\/uploads\/2023\/07\/MESOTERAPIA-CORPORAL.png\",\"datePublished\":\"2023-07-25T20:24:23+00:00\",\"dateModified\":\"2023-07-27T13:42:26+00:00\",\"breadcrumb\":{\"@id\":\"https:\/\/cintiacarreras.com\/index.php\/product\/mesoterapia-adiposidad-localizada\/#breadcrumb\"},\"inLanguage\":\"en-US\",\"potentialAction\":[{\"@type\":\"ReadAction\",\"target\":[\"https:\/\/cintiacarreras.com\/index.php\/product\/mesoterapia-adiposidad-localizada\/\"]}]},{\"@type\":\"ImageObject\",\"inLanguage\":\"en-US\",\"@id\":\"https:\/\/cintiacarreras.com\/index.php\/product\/mesoterapia-adiposidad-localizada\/#primaryimage\",\"url\":\"https:\/\/cintiacarreras.com\/wp-content\/uploads\/2023\/07\/MESOTERAPIA-CORPORAL.png\",\"contentUrl\":\"https:\/\/cintiacarreras.com\/wp-content\/uploads\/2023\/07\/MESOTERAPIA-CORPORAL.png\",\"width\":1080,\"height\":1080,\"caption\":\"imagen decorativa del tratamiento\"},{\"@type\":\"BreadcrumbList\",\"@id\":\"https:\/\/cintiacarreras.com\/index.php\/product\/mesoterapia-adiposidad-localizada\/#breadcrumb\",\"itemListElement\":[{\"@type\":\"ListItem\",\"position\":1,\"name\":\"Inicio\",\"item\":\"https:\/\/cintiacarreras.com\/\"},{\"@type\":\"ListItem\",\"position\":2,\"name\":\"Servicios\",\"item\":\"https:\/\/cintiacarreras.com\/index.php\/shop\/\"},{\"@type\":\"ListItem\",\"position\":3,\"name\":\"MESOTERAPIA: ADIPOSIDAD LOCALIZADA\"}]},{\"@type\":\"WebSite\",\"@id\":\"https:\/\/cintiacarreras.com\/#website\",\"url\":\"https:\/\/cintiacarreras.com\/\",\"name\":\"cintiacarreras.com\",\"description\":\"Dra Cintia Carreras- Especialista en Dermatolog\u00eda, medicina estetica y l\u00e1ser.\",\"publisher\":{\"@id\":\"https:\/\/cintiacarreras.com\/#organization\"},\"potentialAction\":[{\"@type\":\"SearchAction\",\"target\":{\"@type\":\"EntryPoint\",\"urlTemplate\":\"https:\/\/cintiacarreras.com\/?s={search_term_string}\"},\"query-input\":{\"@type\":\"PropertyValueSpecification\",\"valueRequired\":true,\"valueName\":\"search_term_string\"}}],\"inLanguage\":\"en-US\"},{\"@type\":\"Organization\",\"@id\":\"https:\/\/cintiacarreras.com\/#organization\",\"name\":\"cintiacarreras.com\",\"url\":\"https:\/\/cintiacarreras.com\/\",\"logo\":{\"@type\":\"ImageObject\",\"inLanguage\":\"en-US\",\"@id\":\"https:\/\/cintiacarreras.com\/#\/schema\/logo\/image\/\",\"url\":\"https:\/\/cintiacarreras.com\/wp-content\/uploads\/2023\/05\/cropped-logo-reverso-cintia-carreras.png\",\"contentUrl\":\"https:\/\/cintiacarreras.com\/wp-content\/uploads\/2023\/05\/cropped-logo-reverso-cintia-carreras.png\",\"width\":510,\"height\":510,\"caption\":\"cintiacarreras.com\"},\"image\":{\"@id\":\"https:\/\/cintiacarreras.com\/#\/schema\/logo\/image\/\"}}]}<\/script>\n<!-- \/ Yoast SEO plugin. -->","yoast_head_json":{"title":"MESOTERAPIA: ADIPOSIDAD LOCALIZADA - cintiacarreras.com","robots":{"index":"index","follow":"follow","max-snippet":"max-snippet:-1","max-image-preview":"max-image-preview:large","max-video-preview":"max-video-preview:-1"},"canonical":"https:\/\/cintiacarreras.com\/index.php\/product\/mesoterapia-adiposidad-localizada\/","og_locale":"en_US","og_type":"article","og_title":"MESOTERAPIA: ADIPOSIDAD LOCALIZADA - cintiacarreras.com","og_description":"Logra la figura que siempre has deseado con nuestro servicio\u00a0 para adiposidad localizada. La mesoterapia es un tratamiento altamente efectivo que se enfoca en disminuir la grasa acumulada en \u00e1reas espec\u00edficas del cuerpo, como abdomen, caderas, muslos o brazos. Mediante inyecciones precisas de sustancias lipol\u00edticas y reafirmantes, se logra eliminar gradualmente el exceso de grasa ... Leer m\u00e1s","og_url":"https:\/\/cintiacarreras.com\/index.php\/product\/mesoterapia-adiposidad-localizada\/","og_site_name":"cintiacarreras.com","article_modified_time":"2023-07-27T13:42:26+00:00","og_image":[{"width":1080,"height":1080,"url":"https:\/\/cintiacarreras.com\/wp-content\/uploads\/2023\/07\/MESOTERAPIA-CORPORAL.png","type":"image\/png"}],"twitter_card":"summary_large_image","twitter_misc":{"Est. reading time":"1 minute"},"schema":{"@context":"https:\/\/schema.org","@graph":[{"@type":"WebPage","@id":"https:\/\/cintiacarreras.com\/index.php\/product\/mesoterapia-adiposidad-localizada\/","url":"https:\/\/cintiacarreras.com\/index.php\/product\/mesoterapia-adiposidad-localizada\/","name":"MESOTERAPIA: ADIPOSIDAD LOCALIZADA - cintiacarreras.com","isPartOf":{"@id":"https:\/\/cintiacarreras.com\/#website"},"primaryImageOfPage":{"@id":"https:\/\/cintiacarreras.com\/index.php\/product\/mesoterapia-adiposidad-localizada\/#primaryimage"},"image":{"@id":"https:\/\/cintiacarreras.com\/index.php\/product\/mesoterapia-adiposidad-localizada\/#primaryimage"},"thumbnailUrl":"https:\/\/cintiacarreras.com\/wp-content\/uploads\/2023\/07\/MESOTERAPIA-CORPORAL.png","datePublished":"2023-07-25T20:24:23+00:00","dateModified":"2023-07-27T13:42:26+00:00","breadcrumb":{"@id":"https:\/\/cintiacarreras.com\/index.php\/product\/mesoterapia-adiposidad-localizada\/#breadcrumb"},"inLanguage":"en-US","potentialAction":[{"@type":"ReadAction","target":["https:\/\/cintiacarreras.com\/index.php\/product\/mesoterapia-adiposidad-localizada\/"]}]},{"@type":"ImageObject","inLanguage":"en-US","@id":"https:\/\/cintiacarreras.com\/index.php\/product\/mesoterapia-adiposidad-localizada\/#primaryimage","url":"https:\/\/cintiacarreras.com\/wp-content\/uploads\/2023\/07\/MESOTERAPIA-CORPORAL.png","contentUrl":"https:\/\/cintiacarreras.com\/wp-content\/uploads\/2023\/07\/MESOTERAPIA-CORPORAL.png","width":1080,"height":1080,"caption":"imagen decorativa del tratamiento"},{"@type":"BreadcrumbList","@id":"https:\/\/cintiacarreras.com\/index.php\/product\/mesoterapia-adiposidad-localizada\/#breadcrumb","itemListElement":[{"@type":"ListItem","position":1,"name":"Inicio","item":"https:\/\/cintiacarreras.com\/"},{"@type":"ListItem","position":2,"name":"Servicios","item":"https:\/\/cintiacarreras.com\/index.php\/shop\/"},{"@type":"ListItem","position":3,"name":"MESOTERAPIA: ADIPOSIDAD LOCALIZADA"}]},{"@type":"WebSite","@id":"https:\/\/cintiacarreras.com\/#website","url":"https:\/\/cintiacarreras.com\/","name":"cintiacarreras.com","description":"Dra Cintia Carreras- Especialista en Dermatolog\u00eda, medicina estetica y l\u00e1ser.","publisher":{"@id":"https:\/\/cintiacarreras.com\/#organization"},"potentialAction":[{"@type":"SearchAction","target":{"@type":"EntryPoint","urlTemplate":"https:\/\/cintiacarreras.com\/?s={search_term_string}"},"query-input":{"@type":"PropertyValueSpecification","valueRequired":true,"valueName":"search_term_string"}}],"inLanguage":"en-US"},{"@type":"Organization","@id":"https:\/\/cintiacarreras.com\/#organization","name":"cintiacarreras.com","url":"https:\/\/cintiacarreras.com\/","logo":{"@type":"ImageObject","inLanguage":"en-US","@id":"https:\/\/cintiacarreras.com\/#\/schema\/logo\/image\/","url":"https:\/\/cintiacarreras.com\/wp-content\/uploads\/2023\/05\/cropped-logo-reverso-cintia-carreras.png","contentUrl":"https:\/\/cintiacarreras.com\/wp-content\/uploads\/2023\/05\/cropped-logo-reverso-cintia-carreras.png","width":510,"height":510,"caption":"cintiacarreras.com"},"image":{"@id":"https:\/\/cintiacarreras.com\/#\/schema\/logo\/image\/"}}]}},"_links":{"self":[{"href":"https:\/\/cintiacarreras.com\/index.php\/wp-json\/wp\/v2\/product\/19360","targetHints":{"allow":["GET"]}}],"collection":[{"href":"https:\/\/cintiacarreras.com\/index.php\/wp-json\/wp\/v2\/product"}],"about":[{"href":"https:\/\/cintiacarreras.com\/index.php\/wp-json\/wp\/v2\/types\/product"}],"replies":[{"embeddable":true,"href":"https:\/\/cintiacarreras.com\/index.php\/wp-json\/wp\/v2\/comments?post=19360"}],"wp:featuredmedia":[{"embeddable":true,"href":"https:\/\/cintiacarreras.com\/index.php\/wp-json\/wp\/v2\/media\/19396"}],"wp:attachment":[{"href":"https:\/\/cintiacarreras.com\/index.php\/wp-json\/wp\/v2\/media?parent=19360"}],"wp:term":[{"taxonomy":"product_cat","embeddable":true,"href":"https:\/\/cintiacarreras.com\/index.php\/wp-json\/wp\/v2\/product_cat?post=19360"},{"taxonomy":"product_tag","embeddable":true,"href":"https:\/\/cintiacarreras.com\/index.php\/wp-json\/wp\/v2\/product_tag?post=19360"}],"curies":[{"name":"wp","href":"https:\/\/api.w.org\/{rel}","templated":true}]}}