{"id":19356,"date":"2023-07-25T17:14:40","date_gmt":"2023-07-25T20:14:40","guid":{"rendered":"https:\/\/cintiacarreras.com\/?post_type=product&#038;p=19356"},"modified":"2026-02-28T14:44:14","modified_gmt":"2026-02-28T17:44:14","slug":"microdermoabrasion-con-punta-de-diamante","status":"publish","type":"product","link":"https:\/\/cintiacarreras.com\/index.php\/product\/microdermoabrasion-con-punta-de-diamante\/","title":{"rendered":"DERMOPEELING"},"content":{"rendered":"<div class=\"group w-full text-gray-800 dark:text-gray-100 border-b border-black\/10 dark:border-gray-900\/50 bg-gray-50 dark:bg-[#444654] sm:AIPRM__conversation__response\">\n<div class=\"flex p-4 gap-4 text-base md:gap-6 md:max-w-2xl lg:max-w-[38rem] xl:max-w-3xl md:py-6 lg:px-0 m-auto relative\">\n<div class=\"relative flex w-[calc(100%-50px)] flex-col gap-1 md:gap-3 lg:w-[calc(100%-115px)]\">\n<div class=\"flex flex-grow flex-col gap-3\">\n<div class=\"min-h-[20px] flex items-start overflow-x-auto whitespace-pre-wrap break-words flex-col gap-4\">\n<div class=\"markdown prose w-full break-words dark:prose-invert light AIPRM__conversation__response\">\n<p>Aprovecha lo mejor de dos t\u00e9cnicas poderosas con nuestro servicio de dermopeeling. El dermopeeling combina la efectividad de la microdermoabrasi\u00f3n con la acci\u00f3n exfoliante de los peelings qu\u00edmicos, para ofrecerte un tratamiento completo y revitalizante para tu piel. Comenzamos con la microdermoabrasi\u00f3n, utilizando una punta de diamante para suavemente eliminar las c\u00e9lulas muertas y las impurezas de la piel, mejorando su textura y luminosidad. A continuaci\u00f3n, aplicamos un peeling qu\u00edmico personalizado, que penetra en capas m\u00e1s profundas para tratar manchas, arrugas y cicatrices. Esta combinaci\u00f3n \u00fanica de t\u00e9cnicas estimula la producci\u00f3n de col\u00e1geno y c\u00e9lulas nuevas, revelando una piel m\u00e1s joven, firme y radiante. Personalizamos cada dermopeeling seg\u00fan tus necesidades espec\u00edficas, para brindarte resultados notables y una piel transformada en cada sesi\u00f3n. Descubre el poder de la dermopeeling y reg\u00e1late una piel rejuvenecida y saludable.<\/p>\n<\/div>\n<\/div>\n<\/div>\n<div class=\"flex justify-between lg:block\"><\/div>\n<\/div>\n<div class=\"absolute top-0 right-0\"><\/div>\n<\/div>\n<\/div>\n","protected":false},"excerpt":{"rendered":"<p>Aprovecha lo mejor de dos t\u00e9cnicas poderosas con nuestro servicio de dermopeeling. El dermopeeling combina la efectividad de la microdermoabrasi\u00f3n con la acci\u00f3n exfoliante de los peelings qu\u00edmicos, para ofrecerte un tratamiento completo y revitalizante para tu piel. Comenzamos con la microdermoabrasi\u00f3n, utilizando una punta de diamante para suavemente eliminar las c\u00e9lulas muertas y las &#8230; <\/p>\n<p class=\"read-more-container\"><a title=\"DERMOPEELING\" class=\"read-more button\" href=\"https:\/\/cintiacarreras.com\/index.php\/product\/microdermoabrasion-con-punta-de-diamante\/#more-19356\" aria-label=\"Read more about DERMOPEELING\">Leer m\u00e1s<\/a><\/p>\n","protected":false},"featured_media":19387,"comment_status":"open","ping_status":"closed","template":"","meta":[],"product_cat":[20],"product_tag":[24,49,40],"class_list":{"0":"post-19356","1":"product","2":"type-product","3":"status-publish","4":"has-post-thumbnail","6":"product_cat-peelings","7":"product_tag-blanqueamiento","8":"product_tag-exfoliacion","9":"product_tag-rejuvenecimiento","10":"sales-flash-overlay","11":"woocommerce-text-align-center","12":"woocommerce-image-align-center","13":"do-quantity-buttons","15":"first","16":"instock","17":"shipping-taxable","18":"product-type-simple"},"yoast_head":"<!-- This site is optimized with the Yoast SEO plugin v23.4 - https:\/\/yoast.com\/wordpress\/plugins\/seo\/ -->\n<title>DERMOPEELING - cintiacarreras.com<\/title>\n<meta name=\"robots\" content=\"index, follow, max-snippet:-1, max-image-preview:large, max-video-preview:-1\" \/>\n<link rel=\"canonical\" href=\"https:\/\/cintiacarreras.com\/index.php\/product\/microdermoabrasion-con-punta-de-diamante\/\" \/>\n<meta property=\"og:locale\" content=\"en_US\" \/>\n<meta property=\"og:type\" content=\"article\" \/>\n<meta property=\"og:title\" content=\"DERMOPEELING - cintiacarreras.com\" \/>\n<meta property=\"og:description\" content=\"Aprovecha lo mejor de dos t\u00e9cnicas poderosas con nuestro servicio de dermopeeling. El dermopeeling combina la efectividad de la microdermoabrasi\u00f3n con la acci\u00f3n exfoliante de los peelings qu\u00edmicos, para ofrecerte un tratamiento completo y revitalizante para tu piel. Comenzamos con la microdermoabrasi\u00f3n, utilizando una punta de diamante para suavemente eliminar las c\u00e9lulas muertas y las ... Leer m\u00e1s\" \/>\n<meta property=\"og:url\" content=\"https:\/\/cintiacarreras.com\/index.php\/product\/microdermoabrasion-con-punta-de-diamante\/\" \/>\n<meta property=\"og:site_name\" content=\"cintiacarreras.com\" \/>\n<meta property=\"article:modified_time\" content=\"2026-02-28T17:44:14+00:00\" \/>\n<meta property=\"og:image\" content=\"https:\/\/cintiacarreras.com\/wp-content\/uploads\/2023\/07\/DERMOPEELING.png\" \/>\n\t<meta property=\"og:image:width\" content=\"1080\" \/>\n\t<meta property=\"og:image:height\" content=\"1080\" \/>\n\t<meta property=\"og:image:type\" content=\"image\/png\" \/>\n<meta name=\"twitter:card\" content=\"summary_large_image\" \/>\n<meta name=\"twitter:label1\" content=\"Est. reading time\" \/>\n\t<meta name=\"twitter:data1\" content=\"1 minute\" \/>\n<script type=\"application\/ld+json\" class=\"yoast-schema-graph\">{\"@context\":\"https:\/\/schema.org\",\"@graph\":[{\"@type\":\"WebPage\",\"@id\":\"https:\/\/cintiacarreras.com\/index.php\/product\/microdermoabrasion-con-punta-de-diamante\/\",\"url\":\"https:\/\/cintiacarreras.com\/index.php\/product\/microdermoabrasion-con-punta-de-diamante\/\",\"name\":\"DERMOPEELING - cintiacarreras.com\",\"isPartOf\":{\"@id\":\"https:\/\/cintiacarreras.com\/#website\"},\"primaryImageOfPage\":{\"@id\":\"https:\/\/cintiacarreras.com\/index.php\/product\/microdermoabrasion-con-punta-de-diamante\/#primaryimage\"},\"image\":{\"@id\":\"https:\/\/cintiacarreras.com\/index.php\/product\/microdermoabrasion-con-punta-de-diamante\/#primaryimage\"},\"thumbnailUrl\":\"https:\/\/cintiacarreras.com\/wp-content\/uploads\/2023\/07\/DERMOPEELING.png\",\"datePublished\":\"2023-07-25T20:14:40+00:00\",\"dateModified\":\"2026-02-28T17:44:14+00:00\",\"breadcrumb\":{\"@id\":\"https:\/\/cintiacarreras.com\/index.php\/product\/microdermoabrasion-con-punta-de-diamante\/#breadcrumb\"},\"inLanguage\":\"en-US\",\"potentialAction\":[{\"@type\":\"ReadAction\",\"target\":[\"https:\/\/cintiacarreras.com\/index.php\/product\/microdermoabrasion-con-punta-de-diamante\/\"]}]},{\"@type\":\"ImageObject\",\"inLanguage\":\"en-US\",\"@id\":\"https:\/\/cintiacarreras.com\/index.php\/product\/microdermoabrasion-con-punta-de-diamante\/#primaryimage\",\"url\":\"https:\/\/cintiacarreras.com\/wp-content\/uploads\/2023\/07\/DERMOPEELING.png\",\"contentUrl\":\"https:\/\/cintiacarreras.com\/wp-content\/uploads\/2023\/07\/DERMOPEELING.png\",\"width\":1080,\"height\":1080,\"caption\":\"imagen decorativa del tratamiento\"},{\"@type\":\"BreadcrumbList\",\"@id\":\"https:\/\/cintiacarreras.com\/index.php\/product\/microdermoabrasion-con-punta-de-diamante\/#breadcrumb\",\"itemListElement\":[{\"@type\":\"ListItem\",\"position\":1,\"name\":\"Inicio\",\"item\":\"https:\/\/cintiacarreras.com\/\"},{\"@type\":\"ListItem\",\"position\":2,\"name\":\"Servicios\",\"item\":\"https:\/\/cintiacarreras.com\/index.php\/shop\/\"},{\"@type\":\"ListItem\",\"position\":3,\"name\":\"DERMOPEELING\"}]},{\"@type\":\"WebSite\",\"@id\":\"https:\/\/cintiacarreras.com\/#website\",\"url\":\"https:\/\/cintiacarreras.com\/\",\"name\":\"cintiacarreras.com\",\"description\":\"Dra Cintia Carreras- Especialista en Dermatolog\u00eda, medicina estetica y l\u00e1ser.\",\"publisher\":{\"@id\":\"https:\/\/cintiacarreras.com\/#organization\"},\"potentialAction\":[{\"@type\":\"SearchAction\",\"target\":{\"@type\":\"EntryPoint\",\"urlTemplate\":\"https:\/\/cintiacarreras.com\/?s={search_term_string}\"},\"query-input\":{\"@type\":\"PropertyValueSpecification\",\"valueRequired\":true,\"valueName\":\"search_term_string\"}}],\"inLanguage\":\"en-US\"},{\"@type\":\"Organization\",\"@id\":\"https:\/\/cintiacarreras.com\/#organization\",\"name\":\"cintiacarreras.com\",\"url\":\"https:\/\/cintiacarreras.com\/\",\"logo\":{\"@type\":\"ImageObject\",\"inLanguage\":\"en-US\",\"@id\":\"https:\/\/cintiacarreras.com\/#\/schema\/logo\/image\/\",\"url\":\"https:\/\/cintiacarreras.com\/wp-content\/uploads\/2023\/05\/cropped-logo-reverso-cintia-carreras.png\",\"contentUrl\":\"https:\/\/cintiacarreras.com\/wp-content\/uploads\/2023\/05\/cropped-logo-reverso-cintia-carreras.png\",\"width\":510,\"height\":510,\"caption\":\"cintiacarreras.com\"},\"image\":{\"@id\":\"https:\/\/cintiacarreras.com\/#\/schema\/logo\/image\/\"}}]}<\/script>\n<!-- \/ Yoast SEO plugin. -->","yoast_head_json":{"title":"DERMOPEELING - cintiacarreras.com","robots":{"index":"index","follow":"follow","max-snippet":"max-snippet:-1","max-image-preview":"max-image-preview:large","max-video-preview":"max-video-preview:-1"},"canonical":"https:\/\/cintiacarreras.com\/index.php\/product\/microdermoabrasion-con-punta-de-diamante\/","og_locale":"en_US","og_type":"article","og_title":"DERMOPEELING - cintiacarreras.com","og_description":"Aprovecha lo mejor de dos t\u00e9cnicas poderosas con nuestro servicio de dermopeeling. El dermopeeling combina la efectividad de la microdermoabrasi\u00f3n con la acci\u00f3n exfoliante de los peelings qu\u00edmicos, para ofrecerte un tratamiento completo y revitalizante para tu piel. Comenzamos con la microdermoabrasi\u00f3n, utilizando una punta de diamante para suavemente eliminar las c\u00e9lulas muertas y las ... Leer m\u00e1s","og_url":"https:\/\/cintiacarreras.com\/index.php\/product\/microdermoabrasion-con-punta-de-diamante\/","og_site_name":"cintiacarreras.com","article_modified_time":"2026-02-28T17:44:14+00:00","og_image":[{"width":1080,"height":1080,"url":"https:\/\/cintiacarreras.com\/wp-content\/uploads\/2023\/07\/DERMOPEELING.png","type":"image\/png"}],"twitter_card":"summary_large_image","twitter_misc":{"Est. reading time":"1 minute"},"schema":{"@context":"https:\/\/schema.org","@graph":[{"@type":"WebPage","@id":"https:\/\/cintiacarreras.com\/index.php\/product\/microdermoabrasion-con-punta-de-diamante\/","url":"https:\/\/cintiacarreras.com\/index.php\/product\/microdermoabrasion-con-punta-de-diamante\/","name":"DERMOPEELING - cintiacarreras.com","isPartOf":{"@id":"https:\/\/cintiacarreras.com\/#website"},"primaryImageOfPage":{"@id":"https:\/\/cintiacarreras.com\/index.php\/product\/microdermoabrasion-con-punta-de-diamante\/#primaryimage"},"image":{"@id":"https:\/\/cintiacarreras.com\/index.php\/product\/microdermoabrasion-con-punta-de-diamante\/#primaryimage"},"thumbnailUrl":"https:\/\/cintiacarreras.com\/wp-content\/uploads\/2023\/07\/DERMOPEELING.png","datePublished":"2023-07-25T20:14:40+00:00","dateModified":"2026-02-28T17:44:14+00:00","breadcrumb":{"@id":"https:\/\/cintiacarreras.com\/index.php\/product\/microdermoabrasion-con-punta-de-diamante\/#breadcrumb"},"inLanguage":"en-US","potentialAction":[{"@type":"ReadAction","target":["https:\/\/cintiacarreras.com\/index.php\/product\/microdermoabrasion-con-punta-de-diamante\/"]}]},{"@type":"ImageObject","inLanguage":"en-US","@id":"https:\/\/cintiacarreras.com\/index.php\/product\/microdermoabrasion-con-punta-de-diamante\/#primaryimage","url":"https:\/\/cintiacarreras.com\/wp-content\/uploads\/2023\/07\/DERMOPEELING.png","contentUrl":"https:\/\/cintiacarreras.com\/wp-content\/uploads\/2023\/07\/DERMOPEELING.png","width":1080,"height":1080,"caption":"imagen decorativa del tratamiento"},{"@type":"BreadcrumbList","@id":"https:\/\/cintiacarreras.com\/index.php\/product\/microdermoabrasion-con-punta-de-diamante\/#breadcrumb","itemListElement":[{"@type":"ListItem","position":1,"name":"Inicio","item":"https:\/\/cintiacarreras.com\/"},{"@type":"ListItem","position":2,"name":"Servicios","item":"https:\/\/cintiacarreras.com\/index.php\/shop\/"},{"@type":"ListItem","position":3,"name":"DERMOPEELING"}]},{"@type":"WebSite","@id":"https:\/\/cintiacarreras.com\/#website","url":"https:\/\/cintiacarreras.com\/","name":"cintiacarreras.com","description":"Dra Cintia Carreras- Especialista en Dermatolog\u00eda, medicina estetica y l\u00e1ser.","publisher":{"@id":"https:\/\/cintiacarreras.com\/#organization"},"potentialAction":[{"@type":"SearchAction","target":{"@type":"EntryPoint","urlTemplate":"https:\/\/cintiacarreras.com\/?s={search_term_string}"},"query-input":{"@type":"PropertyValueSpecification","valueRequired":true,"valueName":"search_term_string"}}],"inLanguage":"en-US"},{"@type":"Organization","@id":"https:\/\/cintiacarreras.com\/#organization","name":"cintiacarreras.com","url":"https:\/\/cintiacarreras.com\/","logo":{"@type":"ImageObject","inLanguage":"en-US","@id":"https:\/\/cintiacarreras.com\/#\/schema\/logo\/image\/","url":"https:\/\/cintiacarreras.com\/wp-content\/uploads\/2023\/05\/cropped-logo-reverso-cintia-carreras.png","contentUrl":"https:\/\/cintiacarreras.com\/wp-content\/uploads\/2023\/05\/cropped-logo-reverso-cintia-carreras.png","width":510,"height":510,"caption":"cintiacarreras.com"},"image":{"@id":"https:\/\/cintiacarreras.com\/#\/schema\/logo\/image\/"}}]}},"_links":{"self":[{"href":"https:\/\/cintiacarreras.com\/index.php\/wp-json\/wp\/v2\/product\/19356","targetHints":{"allow":["GET"]}}],"collection":[{"href":"https:\/\/cintiacarreras.com\/index.php\/wp-json\/wp\/v2\/product"}],"about":[{"href":"https:\/\/cintiacarreras.com\/index.php\/wp-json\/wp\/v2\/types\/product"}],"replies":[{"embeddable":true,"href":"https:\/\/cintiacarreras.com\/index.php\/wp-json\/wp\/v2\/comments?post=19356"}],"wp:featuredmedia":[{"embeddable":true,"href":"https:\/\/cintiacarreras.com\/index.php\/wp-json\/wp\/v2\/media\/19387"}],"wp:attachment":[{"href":"https:\/\/cintiacarreras.com\/index.php\/wp-json\/wp\/v2\/media?parent=19356"}],"wp:term":[{"taxonomy":"product_cat","embeddable":true,"href":"https:\/\/cintiacarreras.com\/index.php\/wp-json\/wp\/v2\/product_cat?post=19356"},{"taxonomy":"product_tag","embeddable":true,"href":"https:\/\/cintiacarreras.com\/index.php\/wp-json\/wp\/v2\/product_tag?post=19356"}],"curies":[{"name":"wp","href":"https:\/\/api.w.org\/{rel}","templated":true}]}}