{"id":19352,"date":"2023-07-25T17:09:23","date_gmt":"2023-07-25T20:09:23","guid":{"rendered":"https:\/\/cintiacarreras.com\/?post_type=product&#038;p=19352"},"modified":"2023-07-28T16:48:56","modified_gmt":"2023-07-28T19:48:56","slug":"dermaplaning","status":"publish","type":"product","link":"https:\/\/cintiacarreras.com\/index.php\/product\/dermaplaning\/","title":{"rendered":"DERMAPLANING"},"content":{"rendered":"<p>Experimenta la suavidad y luminosidad de tu piel con nuestro servicio de dermaplaning en dermatolog\u00eda. El dermaplaning es una t\u00e9cnica innovadora que utiliza una cuchilla especial para eliminar suavemente las capas superficiales de piel muerta y vello facial no deseado. Este procedimiento no invasivo ayuda a mejorar la textura de la piel, reducir la apariencia de l\u00edneas finas y aumentar la absorci\u00f3n de productos para el cuidado de la piel. Nuestro equipo realiza el dermaplaning de manera segura y precisa, brind\u00e1ndote resultados notables y una piel rejuvenecida al instante. Disfruta de una experiencia revitalizante y recupera la confianza en tu apariencia con el dermaplaning en dermatolog\u00eda.<\/p>\n","protected":false},"excerpt":{"rendered":"<p>Experimenta la suavidad y luminosidad de tu piel con nuestro servicio de dermaplaning en dermatolog\u00eda. El dermaplaning es una t\u00e9cnica innovadora que utiliza una cuchilla especial para eliminar suavemente las capas superficiales de piel muerta y vello facial no deseado. Este procedimiento no invasivo ayuda a mejorar la textura de la piel, reducir la apariencia &#8230; <\/p>\n<p class=\"read-more-container\"><a title=\"DERMAPLANING\" class=\"read-more button\" href=\"https:\/\/cintiacarreras.com\/index.php\/product\/dermaplaning\/#more-19352\" aria-label=\"Read more about DERMAPLANING\">Leer m\u00e1s<\/a><\/p>\n","protected":false},"featured_media":19408,"comment_status":"open","ping_status":"closed","template":"","meta":[],"product_cat":[20],"product_tag":[49],"class_list":{"0":"post-19352","1":"product","2":"type-product","3":"status-publish","4":"has-post-thumbnail","6":"product_cat-peelings","7":"product_tag-exfoliacion","8":"sales-flash-overlay","9":"woocommerce-text-align-center","10":"woocommerce-image-align-center","11":"do-quantity-buttons","13":"first","14":"instock","15":"shipping-taxable","16":"product-type-simple"},"yoast_head":"<!-- This site is optimized with the Yoast SEO plugin v23.4 - https:\/\/yoast.com\/wordpress\/plugins\/seo\/ -->\n<title>DERMAPLANING - cintiacarreras.com<\/title>\n<meta name=\"robots\" content=\"index, follow, max-snippet:-1, max-image-preview:large, max-video-preview:-1\" \/>\n<link rel=\"canonical\" href=\"https:\/\/cintiacarreras.com\/index.php\/product\/dermaplaning\/\" \/>\n<meta property=\"og:locale\" content=\"en_US\" \/>\n<meta property=\"og:type\" content=\"article\" \/>\n<meta property=\"og:title\" content=\"DERMAPLANING - cintiacarreras.com\" \/>\n<meta property=\"og:description\" content=\"Experimenta la suavidad y luminosidad de tu piel con nuestro servicio de dermaplaning en dermatolog\u00eda. El dermaplaning es una t\u00e9cnica innovadora que utiliza una cuchilla especial para eliminar suavemente las capas superficiales de piel muerta y vello facial no deseado. Este procedimiento no invasivo ayuda a mejorar la textura de la piel, reducir la apariencia ... Leer m\u00e1s\" \/>\n<meta property=\"og:url\" content=\"https:\/\/cintiacarreras.com\/index.php\/product\/dermaplaning\/\" \/>\n<meta property=\"og:site_name\" content=\"cintiacarreras.com\" \/>\n<meta property=\"article:modified_time\" content=\"2023-07-28T19:48:56+00:00\" \/>\n<meta property=\"og:image\" content=\"https:\/\/cintiacarreras.com\/wp-content\/uploads\/2023\/07\/DERMAPLANING.png\" \/>\n\t<meta property=\"og:image:width\" content=\"1080\" \/>\n\t<meta property=\"og:image:height\" content=\"1080\" \/>\n\t<meta property=\"og:image:type\" content=\"image\/png\" \/>\n<meta name=\"twitter:card\" content=\"summary_large_image\" \/>\n<meta name=\"twitter:label1\" content=\"Est. reading time\" \/>\n\t<meta name=\"twitter:data1\" content=\"1 minute\" \/>\n<script type=\"application\/ld+json\" class=\"yoast-schema-graph\">{\"@context\":\"https:\/\/schema.org\",\"@graph\":[{\"@type\":\"WebPage\",\"@id\":\"https:\/\/cintiacarreras.com\/index.php\/product\/dermaplaning\/\",\"url\":\"https:\/\/cintiacarreras.com\/index.php\/product\/dermaplaning\/\",\"name\":\"DERMAPLANING - cintiacarreras.com\",\"isPartOf\":{\"@id\":\"https:\/\/cintiacarreras.com\/#website\"},\"primaryImageOfPage\":{\"@id\":\"https:\/\/cintiacarreras.com\/index.php\/product\/dermaplaning\/#primaryimage\"},\"image\":{\"@id\":\"https:\/\/cintiacarreras.com\/index.php\/product\/dermaplaning\/#primaryimage\"},\"thumbnailUrl\":\"https:\/\/cintiacarreras.com\/wp-content\/uploads\/2023\/07\/DERMAPLANING.png\",\"datePublished\":\"2023-07-25T20:09:23+00:00\",\"dateModified\":\"2023-07-28T19:48:56+00:00\",\"breadcrumb\":{\"@id\":\"https:\/\/cintiacarreras.com\/index.php\/product\/dermaplaning\/#breadcrumb\"},\"inLanguage\":\"en-US\",\"potentialAction\":[{\"@type\":\"ReadAction\",\"target\":[\"https:\/\/cintiacarreras.com\/index.php\/product\/dermaplaning\/\"]}]},{\"@type\":\"ImageObject\",\"inLanguage\":\"en-US\",\"@id\":\"https:\/\/cintiacarreras.com\/index.php\/product\/dermaplaning\/#primaryimage\",\"url\":\"https:\/\/cintiacarreras.com\/wp-content\/uploads\/2023\/07\/DERMAPLANING.png\",\"contentUrl\":\"https:\/\/cintiacarreras.com\/wp-content\/uploads\/2023\/07\/DERMAPLANING.png\",\"width\":1080,\"height\":1080,\"caption\":\"imagen decorativa de dermaplaning\"},{\"@type\":\"BreadcrumbList\",\"@id\":\"https:\/\/cintiacarreras.com\/index.php\/product\/dermaplaning\/#breadcrumb\",\"itemListElement\":[{\"@type\":\"ListItem\",\"position\":1,\"name\":\"Inicio\",\"item\":\"https:\/\/cintiacarreras.com\/\"},{\"@type\":\"ListItem\",\"position\":2,\"name\":\"Servicios\",\"item\":\"https:\/\/cintiacarreras.com\/index.php\/shop\/\"},{\"@type\":\"ListItem\",\"position\":3,\"name\":\"DERMAPLANING\"}]},{\"@type\":\"WebSite\",\"@id\":\"https:\/\/cintiacarreras.com\/#website\",\"url\":\"https:\/\/cintiacarreras.com\/\",\"name\":\"cintiacarreras.com\",\"description\":\"Dra Cintia Carreras- Especialista en Dermatolog\u00eda, medicina estetica y l\u00e1ser.\",\"publisher\":{\"@id\":\"https:\/\/cintiacarreras.com\/#organization\"},\"potentialAction\":[{\"@type\":\"SearchAction\",\"target\":{\"@type\":\"EntryPoint\",\"urlTemplate\":\"https:\/\/cintiacarreras.com\/?s={search_term_string}\"},\"query-input\":{\"@type\":\"PropertyValueSpecification\",\"valueRequired\":true,\"valueName\":\"search_term_string\"}}],\"inLanguage\":\"en-US\"},{\"@type\":\"Organization\",\"@id\":\"https:\/\/cintiacarreras.com\/#organization\",\"name\":\"cintiacarreras.com\",\"url\":\"https:\/\/cintiacarreras.com\/\",\"logo\":{\"@type\":\"ImageObject\",\"inLanguage\":\"en-US\",\"@id\":\"https:\/\/cintiacarreras.com\/#\/schema\/logo\/image\/\",\"url\":\"https:\/\/cintiacarreras.com\/wp-content\/uploads\/2023\/05\/cropped-logo-reverso-cintia-carreras.png\",\"contentUrl\":\"https:\/\/cintiacarreras.com\/wp-content\/uploads\/2023\/05\/cropped-logo-reverso-cintia-carreras.png\",\"width\":510,\"height\":510,\"caption\":\"cintiacarreras.com\"},\"image\":{\"@id\":\"https:\/\/cintiacarreras.com\/#\/schema\/logo\/image\/\"}}]}<\/script>\n<!-- \/ Yoast SEO plugin. -->","yoast_head_json":{"title":"DERMAPLANING - cintiacarreras.com","robots":{"index":"index","follow":"follow","max-snippet":"max-snippet:-1","max-image-preview":"max-image-preview:large","max-video-preview":"max-video-preview:-1"},"canonical":"https:\/\/cintiacarreras.com\/index.php\/product\/dermaplaning\/","og_locale":"en_US","og_type":"article","og_title":"DERMAPLANING - cintiacarreras.com","og_description":"Experimenta la suavidad y luminosidad de tu piel con nuestro servicio de dermaplaning en dermatolog\u00eda. El dermaplaning es una t\u00e9cnica innovadora que utiliza una cuchilla especial para eliminar suavemente las capas superficiales de piel muerta y vello facial no deseado. Este procedimiento no invasivo ayuda a mejorar la textura de la piel, reducir la apariencia ... Leer m\u00e1s","og_url":"https:\/\/cintiacarreras.com\/index.php\/product\/dermaplaning\/","og_site_name":"cintiacarreras.com","article_modified_time":"2023-07-28T19:48:56+00:00","og_image":[{"width":1080,"height":1080,"url":"https:\/\/cintiacarreras.com\/wp-content\/uploads\/2023\/07\/DERMAPLANING.png","type":"image\/png"}],"twitter_card":"summary_large_image","twitter_misc":{"Est. reading time":"1 minute"},"schema":{"@context":"https:\/\/schema.org","@graph":[{"@type":"WebPage","@id":"https:\/\/cintiacarreras.com\/index.php\/product\/dermaplaning\/","url":"https:\/\/cintiacarreras.com\/index.php\/product\/dermaplaning\/","name":"DERMAPLANING - cintiacarreras.com","isPartOf":{"@id":"https:\/\/cintiacarreras.com\/#website"},"primaryImageOfPage":{"@id":"https:\/\/cintiacarreras.com\/index.php\/product\/dermaplaning\/#primaryimage"},"image":{"@id":"https:\/\/cintiacarreras.com\/index.php\/product\/dermaplaning\/#primaryimage"},"thumbnailUrl":"https:\/\/cintiacarreras.com\/wp-content\/uploads\/2023\/07\/DERMAPLANING.png","datePublished":"2023-07-25T20:09:23+00:00","dateModified":"2023-07-28T19:48:56+00:00","breadcrumb":{"@id":"https:\/\/cintiacarreras.com\/index.php\/product\/dermaplaning\/#breadcrumb"},"inLanguage":"en-US","potentialAction":[{"@type":"ReadAction","target":["https:\/\/cintiacarreras.com\/index.php\/product\/dermaplaning\/"]}]},{"@type":"ImageObject","inLanguage":"en-US","@id":"https:\/\/cintiacarreras.com\/index.php\/product\/dermaplaning\/#primaryimage","url":"https:\/\/cintiacarreras.com\/wp-content\/uploads\/2023\/07\/DERMAPLANING.png","contentUrl":"https:\/\/cintiacarreras.com\/wp-content\/uploads\/2023\/07\/DERMAPLANING.png","width":1080,"height":1080,"caption":"imagen decorativa de dermaplaning"},{"@type":"BreadcrumbList","@id":"https:\/\/cintiacarreras.com\/index.php\/product\/dermaplaning\/#breadcrumb","itemListElement":[{"@type":"ListItem","position":1,"name":"Inicio","item":"https:\/\/cintiacarreras.com\/"},{"@type":"ListItem","position":2,"name":"Servicios","item":"https:\/\/cintiacarreras.com\/index.php\/shop\/"},{"@type":"ListItem","position":3,"name":"DERMAPLANING"}]},{"@type":"WebSite","@id":"https:\/\/cintiacarreras.com\/#website","url":"https:\/\/cintiacarreras.com\/","name":"cintiacarreras.com","description":"Dra Cintia Carreras- Especialista en Dermatolog\u00eda, medicina estetica y l\u00e1ser.","publisher":{"@id":"https:\/\/cintiacarreras.com\/#organization"},"potentialAction":[{"@type":"SearchAction","target":{"@type":"EntryPoint","urlTemplate":"https:\/\/cintiacarreras.com\/?s={search_term_string}"},"query-input":{"@type":"PropertyValueSpecification","valueRequired":true,"valueName":"search_term_string"}}],"inLanguage":"en-US"},{"@type":"Organization","@id":"https:\/\/cintiacarreras.com\/#organization","name":"cintiacarreras.com","url":"https:\/\/cintiacarreras.com\/","logo":{"@type":"ImageObject","inLanguage":"en-US","@id":"https:\/\/cintiacarreras.com\/#\/schema\/logo\/image\/","url":"https:\/\/cintiacarreras.com\/wp-content\/uploads\/2023\/05\/cropped-logo-reverso-cintia-carreras.png","contentUrl":"https:\/\/cintiacarreras.com\/wp-content\/uploads\/2023\/05\/cropped-logo-reverso-cintia-carreras.png","width":510,"height":510,"caption":"cintiacarreras.com"},"image":{"@id":"https:\/\/cintiacarreras.com\/#\/schema\/logo\/image\/"}}]}},"_links":{"self":[{"href":"https:\/\/cintiacarreras.com\/index.php\/wp-json\/wp\/v2\/product\/19352","targetHints":{"allow":["GET"]}}],"collection":[{"href":"https:\/\/cintiacarreras.com\/index.php\/wp-json\/wp\/v2\/product"}],"about":[{"href":"https:\/\/cintiacarreras.com\/index.php\/wp-json\/wp\/v2\/types\/product"}],"replies":[{"embeddable":true,"href":"https:\/\/cintiacarreras.com\/index.php\/wp-json\/wp\/v2\/comments?post=19352"}],"wp:featuredmedia":[{"embeddable":true,"href":"https:\/\/cintiacarreras.com\/index.php\/wp-json\/wp\/v2\/media\/19408"}],"wp:attachment":[{"href":"https:\/\/cintiacarreras.com\/index.php\/wp-json\/wp\/v2\/media?parent=19352"}],"wp:term":[{"taxonomy":"product_cat","embeddable":true,"href":"https:\/\/cintiacarreras.com\/index.php\/wp-json\/wp\/v2\/product_cat?post=19352"},{"taxonomy":"product_tag","embeddable":true,"href":"https:\/\/cintiacarreras.com\/index.php\/wp-json\/wp\/v2\/product_tag?post=19352"}],"curies":[{"name":"wp","href":"https:\/\/api.w.org\/{rel}","templated":true}]}}